{"id":25,"date":"2024-02-14T00:00:00","date_gmt":"2023-02-14T16:40:09","guid":{"rendered":"https:\/\/wordpressthemes.live\/WCG1\/WCM13_megashop\/electronics\/?page_id=25"},"modified":"2024-12-05T16:24:12","modified_gmt":"2024-12-05T09:24:12","slug":"about-us","status":"publish","type":"page","link":"https:\/\/vonguyen.com.vn\/?page_id=25","title":{"rendered":"Gi\u1edbi Thi\u1ec7u"},"content":{"rendered":"\t\t<div data-elementor-type=\"wp-page\" data-elementor-id=\"25\" class=\"elementor elementor-25\">\n\t\t\t\t\t\t<section class=\"elementor-section elementor-top-section elementor-element elementor-element-5b96b0c elementor-section-boxed elementor-section-height-default elementor-section-height-default\" data-id=\"5b96b0c\" data-element_type=\"section\">\n\t\t\t\t\t\t<div class=\"elementor-container elementor-column-gap-no\">\n\t\t\t\t\t<div class=\"elementor-column elementor-col-100 elementor-top-column elementor-element elementor-element-f798f89\" data-id=\"f798f89\" data-element_type=\"column\">\n\t\t\t<div class=\"elementor-widget-wrap elementor-element-populated\">\n\t\t\t\t\t\t<div class=\"elementor-element elementor-element-c61c60d elementor-tabs-alignment-center elementor-tabs-view-horizontal elementor-widget elementor-widget-tabs\" data-id=\"c61c60d\" data-element_type=\"widget\" data-widget_type=\"tabs.default\">\n\t\t\t\t<div class=\"elementor-widget-container\">\n\t\t\t\t\t<div class=\"elementor-tabs\">\n\t\t\t<div class=\"elementor-tabs-wrapper\" role=\"tablist\" >\n\t\t\t\t\t\t\t\t\t<div id=\"elementor-tab-title-2071\" class=\"elementor-tab-title elementor-tab-desktop-title\" aria-selected=\"true\" data-tab=\"1\" role=\"tab\" tabindex=\"0\" aria-controls=\"elementor-tab-content-2071\" aria-expanded=\"false\">Qu\u00e1 tr\u00ecnh ph\u00e1t tri\u1ec3n<\/div>\n\t\t\t\t\t\t\t<\/div>\n\t\t\t<div class=\"elementor-tabs-content-wrapper\" role=\"tablist\" aria-orientation=\"vertical\">\n\t\t\t\t\t\t\t\t\t<div class=\"elementor-tab-title elementor-tab-mobile-title\" aria-selected=\"true\" data-tab=\"1\" role=\"tab\" tabindex=\"0\" aria-controls=\"elementor-tab-content-2071\" aria-expanded=\"false\">Qu\u00e1 tr\u00ecnh ph\u00e1t tri\u1ec3n<\/div>\n\t\t\t\t\t<div id=\"elementor-tab-content-2071\" class=\"elementor-tab-content elementor-clearfix\" data-tab=\"1\" role=\"tabpanel\" aria-labelledby=\"elementor-tab-title-2071\" tabindex=\"0\" hidden=\"false\"><p style=\"margin-right: 0px; margin-bottom: 1.313em; margin-left: 0px; color: #000000; font-family: Roboto, sans-serif; font-size: 16px; letter-spacing: normal;\">\u00a0C\u00f4ng ty V\u00f5 Nguy\u1ec5n xin c\u1ea3m \u01a1n qu\u00fd kh\u00e1ch h\u00e0ng \u0111\u00e3 v\u00e0 \u0111ang \u0111\u1ed3ng h\u00e0nh c\u00f9ng c\u00f4ng ty trong su\u1ed1t th\u1eddi gian qua.<\/p><p style=\"margin-right: 0px; margin-bottom: 1.313em; margin-left: 0px; color: #000000; font-family: Roboto, sans-serif; font-size: 16px; letter-spacing: normal;\">C\u00f4ng Ty V\u00f5 Nguy\u1ec5n \u0111\u01b0\u1ee3c th\u00e0nh l\u1eadp v\u00e0o n\u0103m 2005 &#8211; Chuy\u00ean mua b\u00e1n &amp; S\u1eeda ch\u1eefa thi\u1ebft b\u1ecb m\u00e1y v\u0103n ph\u00f2ng\u00a0 v\u1edbi mong mu\u1ed1n \u0111\u01b0\u1ee3c ph\u1ee5c v\u1ee5 kh\u00e1ch h\u00e0ng t\u1ed1t nh\u1ea5t. V\u1edbi \u0111\u1ed9i ng\u0169 nh\u00e2n vi\u00ean, chuy\u00ean vi\u00ean h\u00e0ng \u0111\u1ea7u trong ng\u00e0nh c\u00f4ng ngh\u1ec7 th\u00f4ng tin , C\u00f4ng ty lu\u00f4n \u0111\u01b0a ra nh\u1eefng gi\u1ea3i ph\u00e1p t\u1ed1i \u01b0u nh\u1ea5t.<\/p><p style=\"margin-right: 0px; margin-bottom: 1.313em; margin-left: 0px; color: #000000; font-family: Roboto, sans-serif; font-size: 16px; letter-spacing: normal;\">\u0110\u1ebfn v\u1edbi ch\u00fang t\u00f4i qu\u00fd kh\u00e1ch h\u00e0ng s\u1ebd \u0111\u01b0\u1ee3c tr\u1ea3i nghi\u1ec7m d\u1ecbch v\u1ee5 ho\u00e0n h\u1ea3o v\u00e0 t\u1ed1t nh\u1ea5t v\u1edbi gi\u00e1 c\u1ea1nh tranh. V\u1edbi s\u1ee9 m\u1ec7nh sinh ra \u0111\u1ec3 ph\u1ee5c v\u1ee5 kh\u00e1ch h\u00e0ng ch\u00fang t\u00f4i s\u1ebd mang \u0111\u1ebfn nh\u1eefng d\u1ecbch v\u1ee5 t\u1ed1t nh\u1ea5t.<\/p><p style=\"margin-right: 0px; margin-bottom: 1.313em; margin-left: 0px; color: #000000; font-family: Roboto, sans-serif; font-size: 16px; letter-spacing: normal;\">C\u00f4ng ty V\u00f5 Nguy\u1ec5n lu\u00f4n ch\u00fa tr\u1ecdng tuy\u1ec3n d\u1ee5ng nh\u00e2n l\u1ef1c v\u00e0 \u0111\u00e0o t\u1ea1o ngu\u1ed3n l\u1ef1c ch\u1ea5t l\u01b0\u1ee3ng cao, chuy\u00ean nghi\u1ec7p, uy t\u00edn, t\u1eadn t\u00e2m v\u00e0 c\u00f3 tr\u00e1ch nhi\u1ec7m v\u1edbi kh\u00e1ch h\u00e0ng.<\/p><p style=\"margin-right: 0px; margin-bottom: 1.313em; margin-left: 0px; color: #000000; font-family: Roboto, sans-serif; font-size: 16px; letter-spacing: normal;\">C\u00f4ng ty ch\u00fang t\u00f4i c\u00f3 c\u01a1 s\u1edf v\u1eadt ch\u1ea5t hi\u1ec7n \u0111\u1ea1i, chuy\u00ean d\u1ee5ng \u0111\u1ea3m b\u1ea3o cung c\u1ea5p cho kh\u00e1ch h\u00e0ng nh\u1eefng d\u1ecbch v\u1ee5 chuy\u00ean nghi\u1ec7p nh\u1ea5t.<\/p><p style=\"margin-right: 0px; margin-bottom: 1.313em; margin-left: 0px; color: #000000; font-family: Roboto, sans-serif; font-size: 16px; letter-spacing: normal;\">L\u1ea5y kh\u00e1ch h\u00e0ng l\u00e0m tr\u1ecdng t\u00e2m, c\u00f4ng ty lu\u00f4n x\u00e1c \u0111\u1ecbnh nh\u1eefng \u0111\u1ecbnh h\u01b0\u1edbng ph\u00f9 h\u1ee3p v\u1edbi mong mu\u1ed1n nh\u1eadn \u0111\u01b0\u1ee3c s\u1ef1 h\u1ee3p t\u00e1c v\u00e0 h\u1ed7 tr\u1ee3 t\u1eeb kh\u00e1ch h\u00e0ng, \u0111\u1ed1i t\u00e1c.<\/p><ul style=\"padding-left: 0px; margin: 0px 0px 1.313em 1.655em; color: #000000; font-family: Roboto, sans-serif; font-size: 16px; letter-spacing: normal;\"><li>H\u1ed7 tr\u1ee3 t\u01b0 v\u1ea5n :\u00a0<span style=\"box-sizing: inherit; font-weight: bold; color: #333333; font-family: Inter, sans-serif; font-size: 14px; letter-spacing: 0.2px;\">0813.544.882 ( Zalo )<\/span><\/li><li>H\u1ed7 tr\u1ee3 k\u1ef9 thu\u1eadt 24\/7<\/li><li>H\u1ed7 tr\u1ee3 hotline : 0918.319.582 &#8211; Anh B\u1eb1ng<\/li><\/ul><\/div>\n\t\t\t\t\t\t\t<\/div>\n\t\t<\/div>\n\t\t\t\t<\/div>\n\t\t\t\t<\/div>\n\t\t\t\t\t<\/div>\n\t\t<\/div>\n\t\t\t\t\t<\/div>\n\t\t<\/section>\n\t\t\t\t<section class=\"elementor-section elementor-top-section elementor-element elementor-element-1725731 elementor-section-stretched elementor-section-boxed elementor-section-height-default elementor-section-height-default\" data-id=\"1725731\" data-element_type=\"section\" data-settings=\"{&quot;stretch_section&quot;:&quot;section-stretched&quot;,&quot;background_background&quot;:&quot;classic&quot;}\">\n\t\t\t\t\t\t<div class=\"elementor-container elementor-column-gap-no\">\n\t\t\t\t\t<div class=\"elementor-column elementor-col-50 elementor-top-column elementor-element elementor-element-93451b1\" data-id=\"93451b1\" data-element_type=\"column\">\n\t\t\t<div class=\"elementor-widget-wrap elementor-element-populated\">\n\t\t\t\t\t\t<div class=\"elementor-element elementor-element-8edbb95 elementor-widget elementor-widget-image\" data-id=\"8edbb95\" data-element_type=\"widget\" data-widget_type=\"image.default\">\n\t\t\t\t<div class=\"elementor-widget-container\">\n\t\t\t\t\t\t\t\t\t\t\t\t\t<img fetchpriority=\"high\" decoding=\"async\" width=\"1510\" height=\"1230\" src=\"https:\/\/vonguyen.com.vn\/wp-content\/uploads\/2024\/11\/8-1.jpeg\" class=\"attachment-full size-full wp-image-1106\" alt=\"\" srcset=\"https:\/\/vonguyen.com.vn\/wp-content\/uploads\/2024\/11\/8-1.jpeg 1510w, https:\/\/vonguyen.com.vn\/wp-content\/uploads\/2024\/11\/8-1-300x244.jpeg 300w, https:\/\/vonguyen.com.vn\/wp-content\/uploads\/2024\/11\/8-1-1024x834.jpeg 1024w, https:\/\/vonguyen.com.vn\/wp-content\/uploads\/2024\/11\/8-1-768x626.jpeg 768w, https:\/\/vonguyen.com.vn\/wp-content\/uploads\/2024\/11\/8-1-600x489.jpeg 600w\" sizes=\"(max-width: 1510px) 100vw, 1510px\" \/>\t\t\t\t\t\t\t\t\t\t\t\t\t<\/div>\n\t\t\t\t<\/div>\n\t\t\t\t\t<\/div>\n\t\t<\/div>\n\t\t\t\t<div class=\"elementor-column elementor-col-50 elementor-top-column elementor-element elementor-element-d97ce68\" data-id=\"d97ce68\" data-element_type=\"column\">\n\t\t\t<div class=\"elementor-widget-wrap elementor-element-populated\">\n\t\t\t\t\t\t<div class=\"elementor-element elementor-element-6b3a49a elementor-widget elementor-widget-image\" data-id=\"6b3a49a\" data-element_type=\"widget\" data-widget_type=\"image.default\">\n\t\t\t\t<div class=\"elementor-widget-container\">\n\t\t\t\t\t\t\t\t\t\t\t\t\t<img decoding=\"async\" width=\"948\" height=\"618\" src=\"https:\/\/vonguyen.com.vn\/wp-content\/uploads\/2024\/11\/3.jpeg\" class=\"attachment-full size-full wp-image-1105\" alt=\"\" srcset=\"https:\/\/vonguyen.com.vn\/wp-content\/uploads\/2024\/11\/3.jpeg 948w, https:\/\/vonguyen.com.vn\/wp-content\/uploads\/2024\/11\/3-300x196.jpeg 300w, https:\/\/vonguyen.com.vn\/wp-content\/uploads\/2024\/11\/3-768x501.jpeg 768w, https:\/\/vonguyen.com.vn\/wp-content\/uploads\/2024\/11\/3-600x391.jpeg 600w\" sizes=\"(max-width: 948px) 100vw, 948px\" \/>\t\t\t\t\t\t\t\t\t\t\t\t\t<\/div>\n\t\t\t\t<\/div>\n\t\t\t\t\t<\/div>\n\t\t<\/div>\n\t\t\t\t\t<\/div>\n\t\t<\/section>\n\t\t\t\t<section class=\"elementor-section elementor-top-section elementor-element elementor-element-50555c8 elementor-section-stretched elementor-section-boxed elementor-section-height-default elementor-section-height-default\" data-id=\"50555c8\" data-element_type=\"section\" data-settings=\"{&quot;stretch_section&quot;:&quot;section-stretched&quot;,&quot;background_background&quot;:&quot;classic&quot;}\">\n\t\t\t\t\t\t<div class=\"elementor-container elementor-column-gap-default\">\n\t\t\t\t\t<div class=\"elementor-column elementor-col-25 elementor-top-column elementor-element elementor-element-3aabb82\" data-id=\"3aabb82\" data-element_type=\"column\">\n\t\t\t<div class=\"elementor-widget-wrap elementor-element-populated\">\n\t\t\t\t\t\t<div class=\"elementor-element elementor-element-daa6d96 elementor-widget elementor-widget-counter\" data-id=\"daa6d96\" data-element_type=\"widget\" data-widget_type=\"counter.default\">\n\t\t\t\t<div class=\"elementor-widget-container\">\n\t\t\t\t\t<div class=\"elementor-counter\">\n\t\t\t<div class=\"elementor-counter-title\">N\u0103m kinh nghi\u1ec7m<\/div>\t\t\t<div class=\"elementor-counter-number-wrapper\">\n\t\t\t\t<span class=\"elementor-counter-number-prefix\"><\/span>\n\t\t\t\t<span class=\"elementor-counter-number\" data-duration=\"2000\" data-to-value=\"20\" data-from-value=\"0\" data-delimiter=\",\">0<\/span>\n\t\t\t\t<span class=\"elementor-counter-number-suffix\">+<\/span>\n\t\t\t<\/div>\n\t\t<\/div>\n\t\t\t\t<\/div>\n\t\t\t\t<\/div>\n\t\t\t\t\t<\/div>\n\t\t<\/div>\n\t\t\t\t<div class=\"elementor-column elementor-col-25 elementor-top-column elementor-element elementor-element-99bfdaf\" data-id=\"99bfdaf\" data-element_type=\"column\">\n\t\t\t<div class=\"elementor-widget-wrap elementor-element-populated\">\n\t\t\t\t\t\t<div class=\"elementor-element elementor-element-4d83541 elementor-widget elementor-widget-counter\" data-id=\"4d83541\" data-element_type=\"widget\" data-widget_type=\"counter.default\">\n\t\t\t\t<div class=\"elementor-widget-container\">\n\t\t\t\t\t<div class=\"elementor-counter\">\n\t\t\t<div class=\"elementor-counter-title\">Nh\u00e2n vi\u00ean<\/div>\t\t\t<div class=\"elementor-counter-number-wrapper\">\n\t\t\t\t<span class=\"elementor-counter-number-prefix\"><\/span>\n\t\t\t\t<span class=\"elementor-counter-number\" data-duration=\"2000\" data-to-value=\"20\" data-from-value=\"0\" data-delimiter=\",\">0<\/span>\n\t\t\t\t<span class=\"elementor-counter-number-suffix\">+<\/span>\n\t\t\t<\/div>\n\t\t<\/div>\n\t\t\t\t<\/div>\n\t\t\t\t<\/div>\n\t\t\t\t\t<\/div>\n\t\t<\/div>\n\t\t\t\t<div class=\"elementor-column elementor-col-25 elementor-top-column elementor-element elementor-element-5c714b1\" data-id=\"5c714b1\" data-element_type=\"column\">\n\t\t\t<div class=\"elementor-widget-wrap elementor-element-populated\">\n\t\t\t\t\t\t<div class=\"elementor-element elementor-element-cdc61fb elementor-widget elementor-widget-counter\" data-id=\"cdc61fb\" data-element_type=\"widget\" data-widget_type=\"counter.default\">\n\t\t\t\t<div class=\"elementor-widget-container\">\n\t\t\t\t\t<div class=\"elementor-counter\">\n\t\t\t<div class=\"elementor-counter-title\">Kh\u00e1ch h\u00e0ng<\/div>\t\t\t<div class=\"elementor-counter-number-wrapper\">\n\t\t\t\t<span class=\"elementor-counter-number-prefix\"><\/span>\n\t\t\t\t<span class=\"elementor-counter-number\" data-duration=\"2000\" data-to-value=\"1230\" data-from-value=\"0\" data-delimiter=\",\">0<\/span>\n\t\t\t\t<span class=\"elementor-counter-number-suffix\"><\/span>\n\t\t\t<\/div>\n\t\t<\/div>\n\t\t\t\t<\/div>\n\t\t\t\t<\/div>\n\t\t\t\t\t<\/div>\n\t\t<\/div>\n\t\t\t\t<div class=\"elementor-column elementor-col-25 elementor-top-column elementor-element elementor-element-9faea81\" data-id=\"9faea81\" data-element_type=\"column\">\n\t\t\t<div class=\"elementor-widget-wrap elementor-element-populated\">\n\t\t\t\t\t\t<div class=\"elementor-element elementor-element-74529a4 elementor-widget elementor-widget-counter\" data-id=\"74529a4\" data-element_type=\"widget\" data-widget_type=\"counter.default\">\n\t\t\t\t<div class=\"elementor-widget-container\">\n\t\t\t\t\t<div class=\"elementor-counter\">\n\t\t\t<div class=\"elementor-counter-title\">S\u1ea3n ph\u1ea9m \u0111\u00e3 ph\u1ee5c v\u1ee5<\/div>\t\t\t<div class=\"elementor-counter-number-wrapper\">\n\t\t\t\t<span class=\"elementor-counter-number-prefix\"><\/span>\n\t\t\t\t<span class=\"elementor-counter-number\" data-duration=\"2000\" data-to-value=\"10000\" data-from-value=\"0\" data-delimiter=\",\">0<\/span>\n\t\t\t\t<span class=\"elementor-counter-number-suffix\">+<\/span>\n\t\t\t<\/div>\n\t\t<\/div>\n\t\t\t\t<\/div>\n\t\t\t\t<\/div>\n\t\t\t\t\t<\/div>\n\t\t<\/div>\n\t\t\t\t\t<\/div>\n\t\t<\/section>\n\t\t\t\t<section class=\"elementor-section elementor-top-section elementor-element elementor-element-7c1db74 elementor-section-boxed elementor-section-height-default elementor-section-height-default\" data-id=\"7c1db74\" data-element_type=\"section\">\n\t\t\t\t\t\t<div class=\"elementor-container elementor-column-gap-no\">\n\t\t\t\t\t<div class=\"elementor-column elementor-col-100 elementor-top-column elementor-element elementor-element-6848f97\" data-id=\"6848f97\" data-element_type=\"column\">\n\t\t\t<div class=\"elementor-widget-wrap elementor-element-populated\">\n\t\t\t\t\t\t<div class=\"elementor-element elementor-element-3466b0b elementor-widget elementor-widget-heading\" data-id=\"3466b0b\" data-element_type=\"widget\" data-widget_type=\"heading.default\">\n\t\t\t\t<div class=\"elementor-widget-container\">\n\t\t\t<h2 class=\"elementor-heading-title elementor-size-default\">Li\u00ean h\u1ec7<\/h2>\t\t<\/div>\n\t\t\t\t<\/div>\n\t\t\t\t<div class=\"elementor-element elementor-element-b964bf1 elementor-widget__width-initial elementor-widget elementor-widget-text-editor\" data-id=\"b964bf1\" data-element_type=\"widget\" data-widget_type=\"text-editor.default\">\n\t\t\t\t<div class=\"elementor-widget-container\">\n\t\t\t\t\t\t\t<p class=\"bst-adv-heading_586d74-db wp-block-base-advancedheading\" data-bsb-block=\"bsb-adv-heading_586d74-db\">Ch\u00fang t\u00f4i lu\u00f4n s\u1eb5n s\u00e0ng \u0111\u00e1p \u1ee9ng nhanh nh\u1ea5t m\u1ecdi y\u00eau c\u1ea7u c\u1ee7a b\u1ea1n v\u1ec1 m\u00e1y t\u00ednh, m\u00e1y in c\u0169ng nh\u01b0 c\u00e1c thi\u1ebft b\u1ecb tin h\u1ecdc. H\u00e3y li\u00ean h\u1ec7 v\u1edbi ch\u00fang t\u00f4i b\u1ea5t c\u1ee9 l\u00fac n\u00e0o b\u1ea1n c\u1ea7n.<\/p>\n<p>&nbsp; &nbsp; &nbsp; &nbsp; &nbsp; &nbsp; &nbsp; &nbsp; &nbsp; C\u00d4NG TY TNHH TH\u01af\u01a0NG M\u1ea0I D\u1ecaCH V\u1ee4 \u0110I\u1ec6N T\u1eec TIN H\u1eccC V\u00d5 NGUY\u1ec4N&nbsp; &nbsp; &nbsp; &nbsp; &nbsp; &nbsp; &nbsp; &nbsp; &nbsp; &nbsp; &nbsp; &nbsp; &nbsp; &nbsp; &nbsp; &nbsp;<span style=\"background-color: transparent; color: var(--global-palette4); font-family: var(--global-body-font-family); letter-spacing: 0.09px;\"><br>&#8211; \u0110C : 114\/1.T\u00e2n S\u01a1n Nh\u00ec &#8211; P.T\u00e2n S\u01a1n Nh\u00ec &#8211; Q.T\u00e2n Ph\u00fa &#8211; TP.HCM&nbsp;<\/span><\/p>\n<p><span style=\"background-color: transparent; color: var(--global-palette4); font-family: var(--global-body-font-family); letter-spacing: 0.09px;\">&nbsp; &nbsp; &nbsp;\u0110T : 028.38.32.83.88 &#8211; 0813.544.882 &#8211; 0987.734.809 &#8211; 0896.475.882&nbsp;<\/span><br><span style=\"background-color: transparent; color: var(--global-palette4); font-family: var(--global-body-font-family); letter-spacing: 0.09px;\">Hotline : 0918.319.582 &#8211; 0909.332.858<\/span><\/p>\t\t\t\t\t\t<\/div>\n\t\t\t\t<\/div>\n\t\t\t\t\t<\/div>\n\t\t<\/div>\n\t\t\t\t\t<\/div>\n\t\t<\/section>\n\t\t\t\t<\/div>\n\t\t","protected":false},"excerpt":{"rendered":"<p>Qu\u00e1 tr\u00ecnh ph\u00e1t tri\u1ec3n Qu\u00e1 tr\u00ecnh ph\u00e1t tri\u1ec3n \u00a0C\u00f4ng ty V\u00f5 Nguy\u1ec5n xin c\u1ea3m \u01a1n qu\u00fd kh\u00e1ch h\u00e0ng \u0111\u00e3 v\u00e0 \u0111ang \u0111\u1ed3ng h\u00e0nh c\u00f9ng c\u00f4ng ty trong su\u1ed1t th\u1eddi gian qua. C\u00f4ng Ty V\u00f5 Nguy\u1ec5n \u0111\u01b0\u1ee3c th\u00e0nh l\u1eadp v\u00e0o n\u0103m 2005 &#8211; Chuy\u00ean mua b\u00e1n &amp; S\u1eeda ch\u1eefa thi\u1ebft b\u1ecb m\u00e1y v\u0103n ph\u00f2ng\u00a0 v\u1edbi mong&#8230;<\/p>\n","protected":false},"author":1,"featured_media":0,"parent":0,"menu_order":0,"comment_status":"closed","ping_status":"closed","template":"","meta":{"_bst_post_transparent":"","_bst_post_title":"default","_bst_post_layout":"default","_bst_post_sidebar_id":"","_bst_post_content_style":"unboxed","_bst_post_vertical_padding":"default","_bst_post_feature":"hide","_bst_post_feature_position":"","_bst_post_header":false,"_bst_post_footer":false,"footnotes":""},"class_list":["post-25","page","type-page","status-publish","hentry"],"_links":{"self":[{"href":"https:\/\/vonguyen.com.vn\/index.php?rest_route=\/wp\/v2\/pages\/25","targetHints":{"allow":["GET"]}}],"collection":[{"href":"https:\/\/vonguyen.com.vn\/index.php?rest_route=\/wp\/v2\/pages"}],"about":[{"href":"https:\/\/vonguyen.com.vn\/index.php?rest_route=\/wp\/v2\/types\/page"}],"author":[{"embeddable":true,"href":"https:\/\/vonguyen.com.vn\/index.php?rest_route=\/wp\/v2\/users\/1"}],"replies":[{"embeddable":true,"href":"https:\/\/vonguyen.com.vn\/index.php?rest_route=%2Fwp%2Fv2%2Fcomments&post=25"}],"version-history":[{"count":63,"href":"https:\/\/vonguyen.com.vn\/index.php?rest_route=\/wp\/v2\/pages\/25\/revisions"}],"predecessor-version":[{"id":1872,"href":"https:\/\/vonguyen.com.vn\/index.php?rest_route=\/wp\/v2\/pages\/25\/revisions\/1872"}],"wp:attachment":[{"href":"https:\/\/vonguyen.com.vn\/index.php?rest_route=%2Fwp%2Fv2%2Fmedia&parent=25"}],"curies":[{"name":"wp","href":"https:\/\/api.w.org\/{rel}","templated":true}]}}