{"id":1089,"date":"2024-11-25T16:19:33","date_gmt":"2024-11-25T09:19:33","guid":{"rendered":"https:\/\/vonguyen.com.vn\/?post_type=product&#038;p=1089"},"modified":"2024-12-18T09:27:55","modified_gmt":"2024-12-18T02:27:55","slug":"sua-chua-may-scan","status":"publish","type":"product","link":"https:\/\/vonguyen.com.vn\/?product=sua-chua-may-scan","title":{"rendered":"S\u1eeda Ch\u1eefa M\u00e1y SCAN"},"content":{"rendered":"<p><span style=\"color: #ff0000\"><em>V\u1edbi kho m\u00e1y Scan v\u00e0 linh li\u1ec7n lu\u00f4n c\u00f3 s\u1eb5n, ch\u00fang t\u00f4i chuy\u00ean cung c\u1ea5p cho c\u00e1c c\u1eeda h\u00e0ng s\u1eeda ch\u1eefa v\u00e0 k\u1ef9 thu\u1eadt s\u1eeda ch\u1eefa ngo\u00e0i, \u0111\u1ea3m b\u1ea3o gi\u00e1 r\u1ebb, ch\u1ea5t l\u01b0\u1ee3ng t\u1ed1t, h\u00e0ng zin th\u00e1o m\u00e1y&#8230;<\/em><\/span><br \/>\n&#8212;&#8212;&#8212;&#8212;&#8212;&#8212;&#8212;&#8212;&#8212;&#8212;&#8212;&#8212;&#8212;&#8212;&#8212;&#8212;&#8212;&#8212;<br \/>\nKhi m\u00e1y Scan c\u1ee7a b\u1ea1n g\u1eb7p b\u1ea5t k\u1ef3 s\u1ef1 c\u1ed1 g\u00ec, h\u00e3y \u0111\u01b0a \u0111\u1ebfn c\u00f4ng ty ch\u00fang t\u00f4i. V\u1edbi \u0111\u1ed9i ng\u0169 <span style=\"color: #ff00ff\">K\u1ef9 thu\u1eadt vi\u00ean gi\u00e0u kinh nghi\u1ec7p, chuy\u00ean nghi\u1ec7p, t\u1eadn t\u00ecnh<\/span>, c\u00f9ng chi ph\u00ed h\u1ee3p l\u00fd, th\u1eddi gian nhanh ch\u00f3ng, lu\u00f4n \u0111\u1ea3m b\u1ea3o uy t\u00edn ch\u1ea5t l\u01b0\u1ee3ng, c\u00f3 b\u1ea3o h\u00e0nh.<br \/>\n&#8212;&#8212;&#8212;&#8212;&#8212;&#8212;&#8212;&#8212;&#8212;&#8212;&#8212;&#8212;&#8212;&#8212;&#8212;&#8212;&#8212;&#8212;-<\/p>\n<p><span style=\"color: #ff0000\"><strong>NH\u1eeeNG S\u1ef0 C\u1ed0 M\u00c1Y SCAN TH\u01af\u1edcNG G\u1eb6P PH\u1ea2I:<\/strong><\/span><br \/>\n+ B\u1eadt ngu\u1ed3n m\u00e1y kh\u00f4ng c\u00f3 \u0111i\u1ec7n, kh\u00f4ng s\u00e1ng \u0111\u00e8n.<br \/>\n+ M\u00e1y b\u1ecb \u0111\u1ee9ng kh\u00f4ng ch\u1ea1y, m\u00e1y t\u00ednh kh\u00f4ng nh\u1eadn m\u00e1y scan, khi scan b\u00e1o l\u1ed7i.<br \/>\n+ Scan ch\u1ea1y ch\u1eadm, b\u1ea3n scan b\u1ecb m\u1edd, scan kh\u00f4ng l\u01b0u v\u00e0o m\u00e1y t\u00ednh.<br \/>\n+ Nh\u1eadn l\u1ec7nh scan nh\u01b0ng m\u00e1y kh\u00f4ng scan.<br \/>\n+ Scan kh\u00f4ng ra ch\u1eef, gi\u1ea5y tr\u1eafng, ho\u1eb7c \u0111en thui.<br \/>\n+ B\u1ea3n scan b\u1ecb s\u1ecdc ngang &#8211; s\u1ecdc \u0111\u1ee9ng &#8211; ch\u1ea5m \u0111en.<br \/>\n+ Scan sai m\u00e0u, scan h\u00ecnh m\u00e0u th\u00e0nh tr\u1eafng \u0111en, scan h\u00ecnh b\u1ecb nh\u00f2e.<br \/>\n+ Scan ch\u1ea1y n\u1eeda t\u1ea5m h\u00ecnh r\u1ed3i d\u1eebng l\u1ea1i.<br \/>\n+ Kh\u00f4ng scan \u0111\u01b0\u1ee3c v\u0103n b\u1ea3n word, text.<br \/>\n+ N\u00fat kh\u00f4ng b\u1ea5m \u0111\u01b0\u1ee3c, m\u00e0n h\u00ecnh kh\u00f4ng hi\u1ec3n th\u1ecb, m\u00e0n h\u00ecnh c\u1ea3m \u1ee9ng \u0111i\u1ec1u khi\u1ec3n kh\u00f4ng \u0111\u01b0\u1ee3c, th\u00f4ng s\u1ed1 kh\u00f4ng c\u00e0i \u0111\u1eb7t \u0111\u01b0\u1ee3c.<br \/>\n+ Kh\u00f4ng s\u1eed d\u1ee5ng \u0111\u01b0\u1ee3c c\u00e1c \u1ee9ng d\u1ee5ng t\u00edch h\u1ee3p c\u1ee7a h\u00e3ng.<br \/>\n+ Khay ADF kh\u00f4ng t\u1ef1 cu\u1ed1n gi\u1ea5y, kh\u00f4ng nh\u1eadn gi\u1ea5y.<br \/>\n+ C\u00e1c tr\u1ee5c cao su cu\u1ed1n gi\u1ea5y b\u1ecb m\u00f2n ho\u1eb7c b\u1ecb ch\u1ea3y nh\u1ef1a.<br \/>\n+ V\u00e0 r\u1ea5t nhi\u1ec1u s\u1ef1 c\u1ed1 kh\u00e1c &#8230;<\/p>\n","protected":false},"excerpt":{"rendered":"<p>V\u1edbi kho m\u00e1y Scan v\u00e0 linh li\u1ec7n lu\u00f4n c\u00f3 s\u1eb5n, ch\u00fang t\u00f4i chuy\u00ean cung c\u1ea5p cho c\u00e1c c\u1eeda h\u00e0ng s\u1eeda ch\u1eefa v\u00e0 k\u1ef9 thu\u1eadt s\u1eeda ch\u1eefa ngo\u00e0i, \u0111\u1ea3m b\u1ea3o gi\u00e1 r\u1ebb, ch\u1ea5t l\u01b0\u1ee3ng t\u1ed1t, h\u00e0ng zin th\u00e1o m\u00e1y&#8230; &#8212;&#8212;&#8212;&#8212;&#8212;&#8212;&#8212;&#8212;&#8212;&#8212;&#8212;&#8212;&#8212;&#8212;&#8212;&#8212;&#8212;&#8212; Khi m\u00e1y Scan c\u1ee7a b\u1ea1n g\u1eb7p b\u1ea5t k\u1ef3 s\u1ef1 c\u1ed1 g\u00ec, h\u00e3y \u0111\u01b0a \u0111\u1ebfn c\u00f4ng ty&#8230;<\/p>\n","protected":false},"featured_media":1090,"template":"","meta":{"_bst_post_transparent":"default","_bst_post_title":"","_bst_post_layout":"default","_bst_post_sidebar_id":"","_bst_post_content_style":"default","_bst_post_vertical_padding":"default","_bst_post_feature":"","_bst_post_feature_position":"","_bst_post_header":false,"_bst_post_footer":false},"product_cat":[107],"product_tag":[],"product_brands":[],"class_list":{"0":"post-1089","1":"product","2":"type-product","3":"status-publish","4":"has-post-thumbnail","6":"product_cat-dich-vu","8":"first","9":"instock","10":"shipping-taxable","11":"product-type-simple","12":"entry","13":"content-bg","14":"loop-entry"},"_links":{"self":[{"href":"https:\/\/vonguyen.com.vn\/index.php?rest_route=\/wp\/v2\/product\/1089","targetHints":{"allow":["GET"]}}],"collection":[{"href":"https:\/\/vonguyen.com.vn\/index.php?rest_route=\/wp\/v2\/product"}],"about":[{"href":"https:\/\/vonguyen.com.vn\/index.php?rest_route=\/wp\/v2\/types\/product"}],"version-history":[{"count":2,"href":"https:\/\/vonguyen.com.vn\/index.php?rest_route=\/wp\/v2\/product\/1089\/revisions"}],"predecessor-version":[{"id":1990,"href":"https:\/\/vonguyen.com.vn\/index.php?rest_route=\/wp\/v2\/product\/1089\/revisions\/1990"}],"wp:featuredmedia":[{"embeddable":true,"href":"https:\/\/vonguyen.com.vn\/index.php?rest_route=\/wp\/v2\/media\/1090"}],"wp:attachment":[{"href":"https:\/\/vonguyen.com.vn\/index.php?rest_route=%2Fwp%2Fv2%2Fmedia&parent=1089"}],"wp:term":[{"taxonomy":"product_cat","embeddable":true,"href":"https:\/\/vonguyen.com.vn\/index.php?rest_route=%2Fwp%2Fv2%2Fproduct_cat&post=1089"},{"taxonomy":"product_tag","embeddable":true,"href":"https:\/\/vonguyen.com.vn\/index.php?rest_route=%2Fwp%2Fv2%2Fproduct_tag&post=1089"},{"taxonomy":"product_brands","embeddable":true,"href":"https:\/\/vonguyen.com.vn\/index.php?rest_route=%2Fwp%2Fv2%2Fproduct_brands&post=1089"}],"curies":[{"name":"wp","href":"https:\/\/api.w.org\/{rel}","templated":true}]}}