{"id":1093,"date":"2024-11-25T16:25:01","date_gmt":"2024-11-25T09:25:01","guid":{"rendered":"https:\/\/vonguyen.com.vn\/?post_type=product&#038;p=1093"},"modified":"2025-02-28T14:50:57","modified_gmt":"2025-02-28T07:50:57","slug":"sua-laptop-chuyen-nghiep","status":"publish","type":"product","link":"https:\/\/vonguyen.com.vn\/?product=sua-laptop-chuyen-nghiep","title":{"rendered":"S\u1eeda Laptop Chuy\u00ean Nghi\u1ec7p"},"content":{"rendered":"<p><span style=\"color: #ff00ff\"><strong>TI\u00caU CH\u00cd NHANH CH\u00d3NG &#8211; UY T\u00cdN &#8211; CH\u1ea4T L\u01af\u1ee2NG<\/strong><\/span><\/p>\n<p>V\u1edbi h\u01a1n <span style=\"color: #ff00ff\">20 n\u0103m kinh nghi\u1ec7m<\/span> trong l\u0129nh v\u1ef1c s\u1eeda ch\u1eefa Laptop, c\u00f9ng \u0111\u1ed9i ng\u0169 <span style=\"color: #ff00ff\">K\u1ef9 thu\u1eadt vi\u00ean chuy\u1ec7n nghi\u1ec7p, t\u1eadn t\u00ecnh<\/span>. V\u00f5 Nguy\u1ec5n cung c\u1ea5p d\u1ecbch v\u1ee5 s\u1eeda ch\u1eefa Laptop <strong><span style=\"color: #ff00ff\">l\u1ea5y li\u1ec1n uy t\u00edn nh\u1ea5t<\/span> <\/strong>Th\u00e0nh ph\u1ed1 H\u1ed3 Ch\u00ed Minh.<\/p>\n<p>Chuy\u00ean s\u1eeda ch\u1eefa v\u00e0 thay th\u1ebf c\u00e1c linh ki\u1ec7n m\u00e1y t\u00ednh ch\u00ednh h\u00e3ng c\u1ee7a t\u1ea5t c\u1ea3 c\u00e1c d\u00f2ng m\u00e1y <span style=\"color: #ff00ff\">Macbook &#8211; Laptop &#8211; Surface<\/span>. Kh\u00e1ch h\u00e0ng c\u00f3 th\u1ec3 quan s\u00e1t tr\u1ef1c ti\u1ebfp qu\u00e1 tr\u00ecnh s\u1eeda ch\u1eefa.<\/p>\n<p>B\u1ea3o h\u00e0nh 1 \u0111\u1ed5i 1.<\/p>\n<figure id=\"attachment_1094\" aria-describedby=\"caption-attachment-1094\" style=\"width: 300px\" class=\"wp-caption alignnone\"><img fetchpriority=\"high\" decoding=\"async\" class=\"size-medium wp-image-1094\" src=\"https:\/\/vonguyen.com.vn\/wp-content\/uploads\/2024\/11\/laptop-300x220.jpeg\" alt=\"\" width=\"300\" height=\"220\" srcset=\"https:\/\/vonguyen.com.vn\/wp-content\/uploads\/2024\/11\/laptop-300x220.jpeg 300w, https:\/\/vonguyen.com.vn\/wp-content\/uploads\/2024\/11\/laptop-768x563.jpeg 768w, https:\/\/vonguyen.com.vn\/wp-content\/uploads\/2024\/11\/laptop-600x440.jpeg 600w, https:\/\/vonguyen.com.vn\/wp-content\/uploads\/2024\/11\/laptop.jpeg 938w\" sizes=\"(max-width: 300px) 100vw, 300px\" \/><figcaption id=\"caption-attachment-1094\" class=\"wp-caption-text\">Screenshot<\/figcaption><\/figure>\n","protected":false},"excerpt":{"rendered":"<p>TI\u00caU CH\u00cd NHANH CH\u00d3NG &#8211; UY T\u00cdN &#8211; CH\u1ea4T L\u01af\u1ee2NG V\u1edbi h\u01a1n 20 n\u0103m kinh nghi\u1ec7m trong l\u0129nh v\u1ef1c s\u1eeda ch\u1eefa Laptop, c\u00f9ng \u0111\u1ed9i ng\u0169 K\u1ef9 thu\u1eadt vi\u00ean chuy\u1ec7n nghi\u1ec7p, t\u1eadn t\u00ecnh. V\u00f5 Nguy\u1ec5n cung c\u1ea5p d\u1ecbch v\u1ee5 s\u1eeda ch\u1eefa Laptop l\u1ea5y li\u1ec1n uy t\u00edn nh\u1ea5t Th\u00e0nh ph\u1ed1 H\u1ed3 Ch\u00ed Minh. Chuy\u00ean s\u1eeda ch\u1eefa v\u00e0&#8230;<\/p>\n","protected":false},"featured_media":1094,"template":"","meta":{"_bst_post_transparent":"default","_bst_post_title":"","_bst_post_layout":"default","_bst_post_sidebar_id":"","_bst_post_content_style":"default","_bst_post_vertical_padding":"default","_bst_post_feature":"","_bst_post_feature_position":"","_bst_post_header":false,"_bst_post_footer":false},"product_cat":[107],"product_tag":[],"product_brands":[],"class_list":{"0":"post-1093","1":"product","2":"type-product","3":"status-publish","4":"has-post-thumbnail","6":"product_cat-dich-vu","8":"first","9":"instock","10":"shipping-taxable","11":"product-type-simple","12":"entry","13":"content-bg","14":"loop-entry"},"_links":{"self":[{"href":"https:\/\/vonguyen.com.vn\/index.php?rest_route=\/wp\/v2\/product\/1093","targetHints":{"allow":["GET"]}}],"collection":[{"href":"https:\/\/vonguyen.com.vn\/index.php?rest_route=\/wp\/v2\/product"}],"about":[{"href":"https:\/\/vonguyen.com.vn\/index.php?rest_route=\/wp\/v2\/types\/product"}],"version-history":[{"count":2,"href":"https:\/\/vonguyen.com.vn\/index.php?rest_route=\/wp\/v2\/product\/1093\/revisions"}],"predecessor-version":[{"id":1989,"href":"https:\/\/vonguyen.com.vn\/index.php?rest_route=\/wp\/v2\/product\/1093\/revisions\/1989"}],"wp:featuredmedia":[{"embeddable":true,"href":"https:\/\/vonguyen.com.vn\/index.php?rest_route=\/wp\/v2\/media\/1094"}],"wp:attachment":[{"href":"https:\/\/vonguyen.com.vn\/index.php?rest_route=%2Fwp%2Fv2%2Fmedia&parent=1093"}],"wp:term":[{"taxonomy":"product_cat","embeddable":true,"href":"https:\/\/vonguyen.com.vn\/index.php?rest_route=%2Fwp%2Fv2%2Fproduct_cat&post=1093"},{"taxonomy":"product_tag","embeddable":true,"href":"https:\/\/vonguyen.com.vn\/index.php?rest_route=%2Fwp%2Fv2%2Fproduct_tag&post=1093"},{"taxonomy":"product_brands","embeddable":true,"href":"https:\/\/vonguyen.com.vn\/index.php?rest_route=%2Fwp%2Fv2%2Fproduct_brands&post=1093"}],"curies":[{"name":"wp","href":"https:\/\/api.w.org\/{rel}","templated":true}]}}