{"id":1177,"date":"2024-11-26T10:29:53","date_gmt":"2024-11-26T03:29:53","guid":{"rendered":"https:\/\/vonguyen.com.vn\/?post_type=product&#038;p=1177"},"modified":"2024-11-26T10:29:53","modified_gmt":"2024-11-26T03:29:53","slug":"epson-ds-510","status":"publish","type":"product","link":"https:\/\/vonguyen.com.vn\/?product=epson-ds-510","title":{"rendered":"Epson DS-510"},"content":{"rendered":"<ul>\n<li>M\u00e1y Scan 2 m\u1eb7t\u00a0 \u2013 new 98% \u2013 nh\u1ecf g\u1ecdn<\/li>\n<li>\u2013 Lo\u1ea1i m\u00e1y qu\u00e9t : Qu\u00e9t 2 m\u1eb7t t\u1ef1 \u0111\u1ed9ng, n\u1ea1p gi\u1ea5y t\u1ef1 \u0111\u1ed9ng (ADF 50 t\u1edd)<\/li>\n<li>\u2013 Kh\u1ed5 gi\u1ea5y scan t\u1ed1i \u0111a : A4 \u2013 T\u1ed1c \u0111\u1ed9 : 30 trang \/ph\u00fat.<\/li>\n<li>\u2013 \u0110\u1ed9 ph\u00e2n gi\u1ea3i : 600dpi.<\/li>\n<li>\u2013 C\u00f4ng su\u1ea5t qu\u00e9t : 4000 trang\/ng\u00e0y.<\/li>\n<li>\u2013 C\u1ed5ng k\u1ebft n\u1ed1i : USB<\/li>\n<li>\u2013 Tr\u1ecdng l\u01b0\u1ee3ng : 3.8 kg<\/li>\n<li>&#8211; BH : 03 th\u00e1ng<\/li>\n<\/ul>\n","protected":false},"excerpt":{"rendered":"<p>M\u00e1y Scan 2 m\u1eb7t\u00a0 \u2013 new 98% \u2013 nh\u1ecf g\u1ecdn \u2013 Lo\u1ea1i m\u00e1y qu\u00e9t : Qu\u00e9t 2 m\u1eb7t t\u1ef1 \u0111\u1ed9ng, n\u1ea1p gi\u1ea5y t\u1ef1 \u0111\u1ed9ng (ADF 50 t\u1edd) \u2013 Kh\u1ed5 gi\u1ea5y scan t\u1ed1i \u0111a : A4 \u2013 T\u1ed1c \u0111\u1ed9 : 30 trang \/ph\u00fat. \u2013 \u0110\u1ed9 ph\u00e2n gi\u1ea3i : 600dpi. \u2013 C\u00f4ng su\u1ea5t qu\u00e9t : 4000 trang\/ng\u00e0y&#8230;.<\/p>\n","protected":false},"featured_media":1178,"template":"","meta":{"_bst_post_transparent":"default","_bst_post_title":"","_bst_post_layout":"default","_bst_post_sidebar_id":"","_bst_post_content_style":"default","_bst_post_vertical_padding":"default","_bst_post_feature":"","_bst_post_feature_position":"","_bst_post_header":false,"_bst_post_footer":false},"product_cat":[86],"product_tag":[112],"product_brands":[],"class_list":{"0":"post-1177","1":"product","2":"type-product","3":"status-publish","4":"has-post-thumbnail","6":"product_cat-scan-cu","7":"product_tag-epson","9":"first","10":"instock","11":"shipping-taxable","12":"purchasable","13":"product-type-simple","14":"entry","15":"content-bg","16":"loop-entry"},"_links":{"self":[{"href":"https:\/\/vonguyen.com.vn\/index.php?rest_route=\/wp\/v2\/product\/1177","targetHints":{"allow":["GET"]}}],"collection":[{"href":"https:\/\/vonguyen.com.vn\/index.php?rest_route=\/wp\/v2\/product"}],"about":[{"href":"https:\/\/vonguyen.com.vn\/index.php?rest_route=\/wp\/v2\/types\/product"}],"version-history":[{"count":0,"href":"https:\/\/vonguyen.com.vn\/index.php?rest_route=\/wp\/v2\/product\/1177\/revisions"}],"wp:featuredmedia":[{"embeddable":true,"href":"https:\/\/vonguyen.com.vn\/index.php?rest_route=\/wp\/v2\/media\/1178"}],"wp:attachment":[{"href":"https:\/\/vonguyen.com.vn\/index.php?rest_route=%2Fwp%2Fv2%2Fmedia&parent=1177"}],"wp:term":[{"taxonomy":"product_cat","embeddable":true,"href":"https:\/\/vonguyen.com.vn\/index.php?rest_route=%2Fwp%2Fv2%2Fproduct_cat&post=1177"},{"taxonomy":"product_tag","embeddable":true,"href":"https:\/\/vonguyen.com.vn\/index.php?rest_route=%2Fwp%2Fv2%2Fproduct_tag&post=1177"},{"taxonomy":"product_brands","embeddable":true,"href":"https:\/\/vonguyen.com.vn\/index.php?rest_route=%2Fwp%2Fv2%2Fproduct_brands&post=1177"}],"curies":[{"name":"wp","href":"https:\/\/api.w.org\/{rel}","templated":true}]}}