{"id":1358,"date":"2024-11-27T07:57:20","date_gmt":"2024-11-27T00:57:20","guid":{"rendered":"https:\/\/vonguyen.com.vn\/?post_type=product&#038;p=1358"},"modified":"2024-12-03T08:50:01","modified_gmt":"2024-12-03T01:50:01","slug":"main-dc-controller-hp-m506dn","status":"publish","type":"product","link":"https:\/\/vonguyen.com.vn\/?product=main-dc-controller-hp-m506dn","title":{"rendered":"MAIN DC CONTROLLER HP M506DN"},"content":{"rendered":"<p>H\u00e0ng ch\u00ednh h\u00e3ng th\u00e1o m\u00e1y<\/p>\n","protected":false},"excerpt":{"rendered":"<p>H\u00e0ng ch\u00ednh h\u00e3ng th\u00e1o m\u00e1y<\/p>\n","protected":false},"featured_media":1359,"template":"","meta":{"_bst_post_transparent":"default","_bst_post_title":"","_bst_post_layout":"default","_bst_post_sidebar_id":"","_bst_post_content_style":"default","_bst_post_vertical_padding":"default","_bst_post_feature":"","_bst_post_feature_position":"","_bst_post_header":false,"_bst_post_footer":false},"product_cat":[104,137,117],"product_tag":[],"product_brands":[],"class_list":{"0":"post-1358","1":"product","2":"type-product","3":"status-publish","4":"has-post-thumbnail","6":"product_cat-linh-kien-may-in","7":"product_cat-linh-kien-may-laser","8":"product_cat-board-may-in","10":"first","11":"instock","12":"shipping-taxable","13":"purchasable","14":"product-type-simple","15":"entry","16":"content-bg","17":"loop-entry"},"_links":{"self":[{"href":"https:\/\/vonguyen.com.vn\/index.php?rest_route=\/wp\/v2\/product\/1358","targetHints":{"allow":["GET"]}}],"collection":[{"href":"https:\/\/vonguyen.com.vn\/index.php?rest_route=\/wp\/v2\/product"}],"about":[{"href":"https:\/\/vonguyen.com.vn\/index.php?rest_route=\/wp\/v2\/types\/product"}],"version-history":[{"count":0,"href":"https:\/\/vonguyen.com.vn\/index.php?rest_route=\/wp\/v2\/product\/1358\/revisions"}],"wp:featuredmedia":[{"embeddable":true,"href":"https:\/\/vonguyen.com.vn\/index.php?rest_route=\/wp\/v2\/media\/1359"}],"wp:attachment":[{"href":"https:\/\/vonguyen.com.vn\/index.php?rest_route=%2Fwp%2Fv2%2Fmedia&parent=1358"}],"wp:term":[{"taxonomy":"product_cat","embeddable":true,"href":"https:\/\/vonguyen.com.vn\/index.php?rest_route=%2Fwp%2Fv2%2Fproduct_cat&post=1358"},{"taxonomy":"product_tag","embeddable":true,"href":"https:\/\/vonguyen.com.vn\/index.php?rest_route=%2Fwp%2Fv2%2Fproduct_tag&post=1358"},{"taxonomy":"product_brands","embeddable":true,"href":"https:\/\/vonguyen.com.vn\/index.php?rest_route=%2Fwp%2Fv2%2Fproduct_brands&post=1358"}],"curies":[{"name":"wp","href":"https:\/\/api.w.org\/{rel}","templated":true}]}}