{"id":1450,"date":"2024-11-27T13:07:37","date_gmt":"2024-11-27T06:07:37","guid":{"rendered":"https:\/\/vonguyen.com.vn\/?post_type=product&#038;p=1450"},"modified":"2024-12-03T16:10:49","modified_gmt":"2024-12-03T09:10:49","slug":"main-kodak-alarris-s2040","status":"publish","type":"product","link":"https:\/\/vonguyen.com.vn\/?product=main-kodak-alarris-s2040","title":{"rendered":"MAIN KODAK ALARRIS S2040"},"content":{"rendered":"<p>H\u00e0ng ch\u00ednh h\u00e3ng th\u00e1o m\u00e1y<\/p>\n","protected":false},"excerpt":{"rendered":"<p>H\u00e0ng ch\u00ednh h\u00e3ng th\u00e1o m\u00e1y<\/p>\n","protected":false},"featured_media":1451,"template":"","meta":{"_bst_post_transparent":"default","_bst_post_title":"","_bst_post_layout":"default","_bst_post_sidebar_id":"","_bst_post_content_style":"default","_bst_post_vertical_padding":"default","_bst_post_feature":"","_bst_post_feature_position":"","_bst_post_header":false,"_bst_post_footer":false},"product_cat":[80,125],"product_tag":[],"product_brands":[151],"class_list":{"0":"post-1450","1":"product","2":"type-product","3":"status-publish","4":"has-post-thumbnail","6":"product_cat-lk-scan","7":"product_cat-main-may-scan","8":"product_brands-kodak","10":"first","11":"instock","12":"shipping-taxable","13":"purchasable","14":"product-type-simple","15":"entry","16":"content-bg","17":"loop-entry"},"_links":{"self":[{"href":"https:\/\/vonguyen.com.vn\/index.php?rest_route=\/wp\/v2\/product\/1450","targetHints":{"allow":["GET"]}}],"collection":[{"href":"https:\/\/vonguyen.com.vn\/index.php?rest_route=\/wp\/v2\/product"}],"about":[{"href":"https:\/\/vonguyen.com.vn\/index.php?rest_route=\/wp\/v2\/types\/product"}],"version-history":[{"count":0,"href":"https:\/\/vonguyen.com.vn\/index.php?rest_route=\/wp\/v2\/product\/1450\/revisions"}],"wp:featuredmedia":[{"embeddable":true,"href":"https:\/\/vonguyen.com.vn\/index.php?rest_route=\/wp\/v2\/media\/1451"}],"wp:attachment":[{"href":"https:\/\/vonguyen.com.vn\/index.php?rest_route=%2Fwp%2Fv2%2Fmedia&parent=1450"}],"wp:term":[{"taxonomy":"product_cat","embeddable":true,"href":"https:\/\/vonguyen.com.vn\/index.php?rest_route=%2Fwp%2Fv2%2Fproduct_cat&post=1450"},{"taxonomy":"product_tag","embeddable":true,"href":"https:\/\/vonguyen.com.vn\/index.php?rest_route=%2Fwp%2Fv2%2Fproduct_tag&post=1450"},{"taxonomy":"product_brands","embeddable":true,"href":"https:\/\/vonguyen.com.vn\/index.php?rest_route=%2Fwp%2Fv2%2Fproduct_brands&post=1450"}],"curies":[{"name":"wp","href":"https:\/\/api.w.org\/{rel}","templated":true}]}}