{"id":1513,"date":"2024-11-27T14:39:09","date_gmt":"2024-11-27T07:39:09","guid":{"rendered":"https:\/\/vonguyen.com.vn\/?post_type=product&#038;p=1513"},"modified":"2025-07-01T09:51:40","modified_gmt":"2025-07-01T02:51:40","slug":"hp-laser-jet-pro-m402dn","status":"publish","type":"product","link":"https:\/\/vonguyen.com.vn\/?product=hp-laser-jet-pro-m402dn","title":{"rendered":"HP Laser Jet Pro M402DN"},"content":{"rendered":"<p>M\u00e1y HP Laser M402dn \u2013 98% si\u00eau b\u1ec1n<br \/>\n\u2013 Ch\u1ee9c n\u0103ng: in tr\u1eafng \u0111en \u2013 in 2 m\u1eb7t t\u1ef1 \u0111\u1ed9ng<br \/>\n\u2013 Kh\u1ed5 gi\u1ea5y: A4\/A5<br \/>\n\u2013 T\u1ed1c \u0111\u1ed9 in : 38 trang\/ph\u00fat<br \/>\n\u2013 C\u1ed5ng giao ti\u1ebfp: USB \u2013 M\u1ea1ng Lan<br \/>\n\u2013 Ngu\u1ed3n : 220v<br \/>\n( m\u00e1y + m\u1ef1c + c\u00e1p usb + d\u00e2y ngu\u1ed3n )<br \/>\nBH : 03 Th\u00e1ng<br \/>\n\u2014\u2014\u2014\u2014\u2014\u2014\u2014\u2014\u2014\u2014\u2014\u2014\u2014\u2014\u2014\u2014\u2013<br \/>\nCty V\u00f5 Nguy\u1ec5n<br \/>\n114\/1 T\u00e2n S\u01a1n Nh\u00ec, P.T\u00e2n S\u01a1n Nh\u00ec, Q.T\u00e2n Ph\u00fa, TP.HCM<\/p>\n","protected":false},"excerpt":{"rendered":"<p>M\u00e1y HP Laser M402dn \u2013 98% si\u00eau b\u1ec1n \u2013 Ch\u1ee9c n\u0103ng: in tr\u1eafng \u0111en \u2013 in 2 m\u1eb7t t\u1ef1 \u0111\u1ed9ng \u2013 Kh\u1ed5 gi\u1ea5y: A4\/A5 \u2013 T\u1ed1c \u0111\u1ed9 in : 38 trang\/ph\u00fat \u2013 C\u1ed5ng giao ti\u1ebfp: USB \u2013 M\u1ea1ng Lan \u2013 Ngu\u1ed3n : 220v ( m\u00e1y + m\u1ef1c + c\u00e1p usb + d\u00e2y ngu\u1ed3n ) BH&#8230;<\/p>\n","protected":false},"featured_media":1520,"template":"","meta":{"_bst_post_transparent":"default","_bst_post_title":"","_bst_post_layout":"default","_bst_post_sidebar_id":"","_bst_post_content_style":"default","_bst_post_vertical_padding":"default","_bst_post_feature":"","_bst_post_feature_position":"","_bst_post_header":false,"_bst_post_footer":false},"product_cat":[105],"product_tag":[],"product_brands":[132],"class_list":{"0":"post-1513","1":"product","2":"type-product","3":"status-publish","4":"has-post-thumbnail","6":"product_cat-may-in-cu","7":"product_brands-hp","9":"first","10":"instock","11":"featured","12":"shipping-taxable","13":"purchasable","14":"product-type-simple","15":"entry","16":"content-bg","17":"loop-entry"},"_links":{"self":[{"href":"https:\/\/vonguyen.com.vn\/index.php?rest_route=\/wp\/v2\/product\/1513","targetHints":{"allow":["GET"]}}],"collection":[{"href":"https:\/\/vonguyen.com.vn\/index.php?rest_route=\/wp\/v2\/product"}],"about":[{"href":"https:\/\/vonguyen.com.vn\/index.php?rest_route=\/wp\/v2\/types\/product"}],"version-history":[{"count":1,"href":"https:\/\/vonguyen.com.vn\/index.php?rest_route=\/wp\/v2\/product\/1513\/revisions"}],"predecessor-version":[{"id":2230,"href":"https:\/\/vonguyen.com.vn\/index.php?rest_route=\/wp\/v2\/product\/1513\/revisions\/2230"}],"wp:featuredmedia":[{"embeddable":true,"href":"https:\/\/vonguyen.com.vn\/index.php?rest_route=\/wp\/v2\/media\/1520"}],"wp:attachment":[{"href":"https:\/\/vonguyen.com.vn\/index.php?rest_route=%2Fwp%2Fv2%2Fmedia&parent=1513"}],"wp:term":[{"taxonomy":"product_cat","embeddable":true,"href":"https:\/\/vonguyen.com.vn\/index.php?rest_route=%2Fwp%2Fv2%2Fproduct_cat&post=1513"},{"taxonomy":"product_tag","embeddable":true,"href":"https:\/\/vonguyen.com.vn\/index.php?rest_route=%2Fwp%2Fv2%2Fproduct_tag&post=1513"},{"taxonomy":"product_brands","embeddable":true,"href":"https:\/\/vonguyen.com.vn\/index.php?rest_route=%2Fwp%2Fv2%2Fproduct_brands&post=1513"}],"curies":[{"name":"wp","href":"https:\/\/api.w.org\/{rel}","templated":true}]}}