{"id":1598,"date":"2024-11-28T10:00:31","date_gmt":"2024-11-28T03:00:31","guid":{"rendered":"https:\/\/vonguyen.com.vn\/?post_type=product&#038;p=1598"},"modified":"2024-12-05T09:48:23","modified_gmt":"2024-12-05T02:48:23","slug":"may-scan-hp-scanjet-enterprise-flow-5000-s5","status":"publish","type":"product","link":"https:\/\/vonguyen.com.vn\/?product=may-scan-hp-scanjet-enterprise-flow-5000-s5","title":{"rendered":"M\u00e1y Scan HP ScanJet Enterprise Flow 5000 S5"},"content":{"rendered":"<p>HP 5000 s5 &#8211; M\u1edaI TOANH<br \/>\n\u26a1\ufe0f H\u00e0ng nguy\u00ean \u0111ai, nguy\u00ean ki\u1ec7n m\u1edbi 100%<br \/>\n\u26a1\ufe0f B\u1ea3o h\u00e0nh 12 th\u00e1ng<br \/>\n\u26a1\ufe0f Thi\u1ebft k\u1ebf \u0111\u1eb9p, g\u1ecdn, nh\u1eb9 v\u00e0 kh\u00f4ng chi\u1ebfm qu\u00e1 nhi\u1ec1u di\u1ec7n t\u00edch b\u00e0n l\u00e0m vi\u1ec7c<br \/>\n\u26a1\ufe0f Ch\u1ea5t l\u01b0\u1ee3ng h\u00ecnh \u1ea3nh t\u01b0\u01a1ng \u0111\u01b0\u01a1ng b\u1ea3n g\u1ed1c<br \/>\n\u26a1\ufe0f T\u1ed1c \u0111\u1ed9 65 trang\/ph\u00fat<br \/>\n\u26a1\ufe0f \u0110\u1ed9 ph\u00e2n gi\u1ea3i 600 dpi<\/p>\n","protected":false},"excerpt":{"rendered":"<p>HP 5000 s5 &#8211; M\u1edaI TOANH \u26a1\ufe0f H\u00e0ng nguy\u00ean \u0111ai, nguy\u00ean ki\u1ec7n m\u1edbi 100% \u26a1\ufe0f B\u1ea3o h\u00e0nh 12 th\u00e1ng \u26a1\ufe0f Thi\u1ebft k\u1ebf \u0111\u1eb9p, g\u1ecdn, nh\u1eb9 v\u00e0 kh\u00f4ng chi\u1ebfm qu\u00e1 nhi\u1ec1u di\u1ec7n t\u00edch b\u00e0n l\u00e0m vi\u1ec7c \u26a1\ufe0f Ch\u1ea5t l\u01b0\u1ee3ng h\u00ecnh \u1ea3nh t\u01b0\u01a1ng \u0111\u01b0\u01a1ng b\u1ea3n g\u1ed1c \u26a1\ufe0f T\u1ed1c \u0111\u1ed9 65 trang\/ph\u00fat \u26a1\ufe0f \u0110\u1ed9 ph\u00e2n gi\u1ea3i 600 dpi<\/p>\n","protected":false},"featured_media":1601,"template":"","meta":{"_bst_post_transparent":"default","_bst_post_title":"","_bst_post_layout":"default","_bst_post_sidebar_id":"","_bst_post_content_style":"default","_bst_post_vertical_padding":"default","_bst_post_feature":"","_bst_post_feature_position":"","_bst_post_header":false,"_bst_post_footer":false},"product_cat":[124],"product_tag":[],"product_brands":[132],"class_list":{"0":"post-1598","1":"product","2":"type-product","3":"status-publish","4":"has-post-thumbnail","6":"product_cat-may-scan-may-in-new","7":"product_brands-hp","9":"first","10":"instock","11":"shipping-taxable","12":"purchasable","13":"product-type-simple","14":"entry","15":"content-bg","16":"loop-entry"},"_links":{"self":[{"href":"https:\/\/vonguyen.com.vn\/index.php?rest_route=\/wp\/v2\/product\/1598","targetHints":{"allow":["GET"]}}],"collection":[{"href":"https:\/\/vonguyen.com.vn\/index.php?rest_route=\/wp\/v2\/product"}],"about":[{"href":"https:\/\/vonguyen.com.vn\/index.php?rest_route=\/wp\/v2\/types\/product"}],"version-history":[{"count":1,"href":"https:\/\/vonguyen.com.vn\/index.php?rest_route=\/wp\/v2\/product\/1598\/revisions"}],"predecessor-version":[{"id":1602,"href":"https:\/\/vonguyen.com.vn\/index.php?rest_route=\/wp\/v2\/product\/1598\/revisions\/1602"}],"wp:featuredmedia":[{"embeddable":true,"href":"https:\/\/vonguyen.com.vn\/index.php?rest_route=\/wp\/v2\/media\/1601"}],"wp:attachment":[{"href":"https:\/\/vonguyen.com.vn\/index.php?rest_route=%2Fwp%2Fv2%2Fmedia&parent=1598"}],"wp:term":[{"taxonomy":"product_cat","embeddable":true,"href":"https:\/\/vonguyen.com.vn\/index.php?rest_route=%2Fwp%2Fv2%2Fproduct_cat&post=1598"},{"taxonomy":"product_tag","embeddable":true,"href":"https:\/\/vonguyen.com.vn\/index.php?rest_route=%2Fwp%2Fv2%2Fproduct_tag&post=1598"},{"taxonomy":"product_brands","embeddable":true,"href":"https:\/\/vonguyen.com.vn\/index.php?rest_route=%2Fwp%2Fv2%2Fproduct_brands&post=1598"}],"curies":[{"name":"wp","href":"https:\/\/api.w.org\/{rel}","templated":true}]}}