{"id":1604,"date":"2024-11-28T14:23:02","date_gmt":"2024-11-28T07:23:02","guid":{"rendered":"https:\/\/vonguyen.com.vn\/?post_type=product&#038;p=1604"},"modified":"2025-11-20T10:24:10","modified_gmt":"2025-11-20T03:24:10","slug":"panel-scanner-hp-5000s4","status":"publish","type":"product","link":"https:\/\/vonguyen.com.vn\/?product=panel-scanner-hp-5000s4","title":{"rendered":"PANEL SCANNER HP 5000S4"},"content":{"rendered":"<p>H\u00e0ng zin th\u00e1o m\u00e1y<\/p>\n","protected":false},"excerpt":{"rendered":"<p>H\u00e0ng zin th\u00e1o m\u00e1y<\/p>\n","protected":false},"featured_media":1606,"template":"","meta":{"_bst_post_transparent":"default","_bst_post_title":"","_bst_post_layout":"default","_bst_post_sidebar_id":"","_bst_post_content_style":"default","_bst_post_vertical_padding":"default","_bst_post_feature":"","_bst_post_feature_position":"","_bst_post_header":false,"_bst_post_footer":false},"product_cat":[80,131],"product_tag":[],"product_brands":[],"class_list":{"0":"post-1604","1":"product","2":"type-product","3":"status-publish","4":"has-post-thumbnail","6":"product_cat-lk-scan","7":"product_cat-panel","9":"first","10":"instock","11":"shipping-taxable","12":"purchasable","13":"product-type-simple","14":"entry","15":"content-bg","16":"loop-entry"},"_links":{"self":[{"href":"https:\/\/vonguyen.com.vn\/index.php?rest_route=\/wp\/v2\/product\/1604","targetHints":{"allow":["GET"]}}],"collection":[{"href":"https:\/\/vonguyen.com.vn\/index.php?rest_route=\/wp\/v2\/product"}],"about":[{"href":"https:\/\/vonguyen.com.vn\/index.php?rest_route=\/wp\/v2\/types\/product"}],"version-history":[{"count":1,"href":"https:\/\/vonguyen.com.vn\/index.php?rest_route=\/wp\/v2\/product\/1604\/revisions"}],"predecessor-version":[{"id":2288,"href":"https:\/\/vonguyen.com.vn\/index.php?rest_route=\/wp\/v2\/product\/1604\/revisions\/2288"}],"wp:featuredmedia":[{"embeddable":true,"href":"https:\/\/vonguyen.com.vn\/index.php?rest_route=\/wp\/v2\/media\/1606"}],"wp:attachment":[{"href":"https:\/\/vonguyen.com.vn\/index.php?rest_route=%2Fwp%2Fv2%2Fmedia&parent=1604"}],"wp:term":[{"taxonomy":"product_cat","embeddable":true,"href":"https:\/\/vonguyen.com.vn\/index.php?rest_route=%2Fwp%2Fv2%2Fproduct_cat&post=1604"},{"taxonomy":"product_tag","embeddable":true,"href":"https:\/\/vonguyen.com.vn\/index.php?rest_route=%2Fwp%2Fv2%2Fproduct_tag&post=1604"},{"taxonomy":"product_brands","embeddable":true,"href":"https:\/\/vonguyen.com.vn\/index.php?rest_route=%2Fwp%2Fv2%2Fproduct_brands&post=1604"}],"curies":[{"name":"wp","href":"https:\/\/api.w.org\/{rel}","templated":true}]}}