{"id":1683,"date":"2024-11-30T14:02:37","date_gmt":"2024-11-30T07:02:37","guid":{"rendered":"https:\/\/vonguyen.com.vn\/?post_type=product&#038;p=1683"},"modified":"2024-11-30T14:02:37","modified_gmt":"2024-11-30T07:02:37","slug":"hop-muc-35a","status":"publish","type":"product","link":"https:\/\/vonguyen.com.vn\/?product=hop-muc-35a","title":{"rendered":"H\u1ed9p m\u1ef1c 35A"},"content":{"rendered":"<p class=\"QN2lPu\">\u2013 H\u1ed9p m\u1ef1c VN &#8211; 35A<\/p>\n<ul>\n<li class=\"QN2lPu\">D\u00f9ng cho m\u00e1y in:<\/li>\n<li class=\"QN2lPu\">\n<h6><strong>Cho m\u00e1y HP P1005\/ P1006\/ P1007\/ P1008<\/strong><\/h6>\n<\/li>\n<li class=\"QN2lPu\">\n<h6><strong>Canon LBP3018\/3010\/3050\/3020\/3100<\/strong><\/h6>\n<\/li>\n<li>\u2014\u2014\u2014\u2014\u2014\u2014\u2014\u2014\u2014\u2014\u2014\u2014\u2014\u2014\u2014\u2014\u2014\u2014\u2014\u2014\u2014-<\/li>\n<li>M\u1ef1c th\u01b0\u01a1ng hi\u1ec7u V\u00f5 Nguy\u1ec5n<\/li>\n<li>B\u1ea3n in \u0111\u1eb9p<\/li>\n<li>\u00cdt m\u1ef1c th\u1ea3i<\/li>\n<li>Chi ph\u00ed th\u1ea5p<\/li>\n<\/ul>\n","protected":false},"excerpt":{"rendered":"<p>\u2013 H\u1ed9p m\u1ef1c VN &#8211; 35A D\u00f9ng cho m\u00e1y in: Cho m\u00e1y HP P1005\/ P1006\/ P1007\/ P1008 Canon LBP3018\/3010\/3050\/3020\/3100 \u2014\u2014\u2014\u2014\u2014\u2014\u2014\u2014\u2014\u2014\u2014\u2014\u2014\u2014\u2014\u2014\u2014\u2014\u2014\u2014\u2014- M\u1ef1c th\u01b0\u01a1ng hi\u1ec7u V\u00f5 Nguy\u1ec5n B\u1ea3n in \u0111\u1eb9p \u00cdt m\u1ef1c th\u1ea3i Chi ph\u00ed th\u1ea5p<\/p>\n","protected":false},"featured_media":1685,"template":"","meta":{"_bst_post_transparent":"default","_bst_post_title":"","_bst_post_layout":"default","_bst_post_sidebar_id":"","_bst_post_content_style":"default","_bst_post_vertical_padding":"default","_bst_post_feature":"","_bst_post_feature_position":"","_bst_post_header":false,"_bst_post_footer":false},"product_cat":[109],"product_tag":[],"product_brands":[],"class_list":{"0":"post-1683","1":"product","2":"type-product","3":"status-publish","4":"has-post-thumbnail","6":"product_cat-muc-in-vo-nguyen","8":"first","9":"instock","10":"shipping-taxable","11":"product-type-simple","12":"entry","13":"content-bg","14":"loop-entry"},"_links":{"self":[{"href":"https:\/\/vonguyen.com.vn\/index.php?rest_route=\/wp\/v2\/product\/1683","targetHints":{"allow":["GET"]}}],"collection":[{"href":"https:\/\/vonguyen.com.vn\/index.php?rest_route=\/wp\/v2\/product"}],"about":[{"href":"https:\/\/vonguyen.com.vn\/index.php?rest_route=\/wp\/v2\/types\/product"}],"version-history":[{"count":0,"href":"https:\/\/vonguyen.com.vn\/index.php?rest_route=\/wp\/v2\/product\/1683\/revisions"}],"wp:featuredmedia":[{"embeddable":true,"href":"https:\/\/vonguyen.com.vn\/index.php?rest_route=\/wp\/v2\/media\/1685"}],"wp:attachment":[{"href":"https:\/\/vonguyen.com.vn\/index.php?rest_route=%2Fwp%2Fv2%2Fmedia&parent=1683"}],"wp:term":[{"taxonomy":"product_cat","embeddable":true,"href":"https:\/\/vonguyen.com.vn\/index.php?rest_route=%2Fwp%2Fv2%2Fproduct_cat&post=1683"},{"taxonomy":"product_tag","embeddable":true,"href":"https:\/\/vonguyen.com.vn\/index.php?rest_route=%2Fwp%2Fv2%2Fproduct_tag&post=1683"},{"taxonomy":"product_brands","embeddable":true,"href":"https:\/\/vonguyen.com.vn\/index.php?rest_route=%2Fwp%2Fv2%2Fproduct_brands&post=1683"}],"curies":[{"name":"wp","href":"https:\/\/api.w.org\/{rel}","templated":true}]}}