{"id":2026,"date":"2024-12-23T15:48:04","date_gmt":"2024-12-23T08:48:04","guid":{"rendered":"https:\/\/vonguyen.com.vn\/?post_type=product&#038;p=2026"},"modified":"2024-12-27T14:28:29","modified_gmt":"2024-12-27T07:28:29","slug":"thiec-dau-kim-epson-lq-2190","status":"publish","type":"product","link":"https:\/\/vonguyen.com.vn\/?product=thiec-dau-kim-epson-lq-2190","title":{"rendered":"Thi\u1ebfc \u0111\u1ea7u kim Epson LQ 2190"},"content":{"rendered":"<p>Thi\u1ebfc \u0111\u1ea7u kim Epson LQ 2190 h\u00e0ng ch\u00ednh h\u00e3ng<\/p>\n","protected":false},"excerpt":{"rendered":"<p>Thi\u1ebfc \u0111\u1ea7u kim Epson LQ 2190 h\u00e0ng ch\u00ednh h\u00e3ng<\/p>\n","protected":false},"featured_media":2027,"template":"","meta":{"_bst_post_transparent":"default","_bst_post_title":"","_bst_post_layout":"default","_bst_post_sidebar_id":"","_bst_post_content_style":"default","_bst_post_vertical_padding":"default","_bst_post_feature":"","_bst_post_feature_position":"","_bst_post_header":false,"_bst_post_footer":false},"product_cat":[104,115],"product_tag":[],"product_brands":[134],"class_list":{"0":"post-2026","1":"product","2":"type-product","3":"status-publish","4":"has-post-thumbnail","6":"product_cat-linh-kien-may-in","7":"product_cat-linh-kien-may-in-kim","8":"product_brands-epson","10":"first","11":"instock","12":"shipping-taxable","13":"purchasable","14":"product-type-simple","15":"entry","16":"content-bg","17":"loop-entry"},"_links":{"self":[{"href":"https:\/\/vonguyen.com.vn\/index.php?rest_route=\/wp\/v2\/product\/2026","targetHints":{"allow":["GET"]}}],"collection":[{"href":"https:\/\/vonguyen.com.vn\/index.php?rest_route=\/wp\/v2\/product"}],"about":[{"href":"https:\/\/vonguyen.com.vn\/index.php?rest_route=\/wp\/v2\/types\/product"}],"version-history":[{"count":2,"href":"https:\/\/vonguyen.com.vn\/index.php?rest_route=\/wp\/v2\/product\/2026\/revisions"}],"predecessor-version":[{"id":2030,"href":"https:\/\/vonguyen.com.vn\/index.php?rest_route=\/wp\/v2\/product\/2026\/revisions\/2030"}],"wp:featuredmedia":[{"embeddable":true,"href":"https:\/\/vonguyen.com.vn\/index.php?rest_route=\/wp\/v2\/media\/2027"}],"wp:attachment":[{"href":"https:\/\/vonguyen.com.vn\/index.php?rest_route=%2Fwp%2Fv2%2Fmedia&parent=2026"}],"wp:term":[{"taxonomy":"product_cat","embeddable":true,"href":"https:\/\/vonguyen.com.vn\/index.php?rest_route=%2Fwp%2Fv2%2Fproduct_cat&post=2026"},{"taxonomy":"product_tag","embeddable":true,"href":"https:\/\/vonguyen.com.vn\/index.php?rest_route=%2Fwp%2Fv2%2Fproduct_tag&post=2026"},{"taxonomy":"product_brands","embeddable":true,"href":"https:\/\/vonguyen.com.vn\/index.php?rest_route=%2Fwp%2Fv2%2Fproduct_brands&post=2026"}],"curies":[{"name":"wp","href":"https:\/\/api.w.org\/{rel}","templated":true}]}}