{"id":2167,"date":"2025-03-03T09:59:08","date_gmt":"2025-03-03T02:59:08","guid":{"rendered":"https:\/\/vonguyen.com.vn\/?post_type=product&#038;p=2167"},"modified":"2025-06-04T09:17:03","modified_gmt":"2025-06-04T02:17:03","slug":"bo-ban-le-adf-hp-scanjet-7500","status":"publish","type":"product","link":"https:\/\/vonguyen.com.vn\/?product=bo-ban-le-adf-hp-scanjet-7500","title":{"rendered":"B\u1ed9 b\u1ea3n l\u1ec1 ADF HP Scanjet 7500"},"content":{"rendered":"<p>B\u1ed9 b\u1ea3n l\u1ec1 ADF HP Scanjet 7500 h\u00e0ng zin th\u00e1o m\u00e1y<\/p>\n","protected":false},"excerpt":{"rendered":"<p>B\u1ed9 b\u1ea3n l\u1ec1 ADF HP Scanjet 7500 h\u00e0ng zin th\u00e1o m\u00e1y<\/p>\n","protected":false},"featured_media":2168,"template":"","meta":{"_bst_post_transparent":"default","_bst_post_title":"","_bst_post_layout":"default","_bst_post_sidebar_id":"","_bst_post_content_style":"default","_bst_post_vertical_padding":"default","_bst_post_feature":"","_bst_post_feature_position":"","_bst_post_header":false,"_bst_post_footer":false},"product_cat":[80],"product_tag":[],"product_brands":[],"class_list":{"0":"post-2167","1":"product","2":"type-product","3":"status-publish","4":"has-post-thumbnail","6":"product_cat-lk-scan","8":"first","9":"instock","10":"shipping-taxable","11":"purchasable","12":"product-type-simple","13":"entry","14":"content-bg","15":"loop-entry"},"_links":{"self":[{"href":"https:\/\/vonguyen.com.vn\/index.php?rest_route=\/wp\/v2\/product\/2167","targetHints":{"allow":["GET"]}}],"collection":[{"href":"https:\/\/vonguyen.com.vn\/index.php?rest_route=\/wp\/v2\/product"}],"about":[{"href":"https:\/\/vonguyen.com.vn\/index.php?rest_route=\/wp\/v2\/types\/product"}],"version-history":[{"count":1,"href":"https:\/\/vonguyen.com.vn\/index.php?rest_route=\/wp\/v2\/product\/2167\/revisions"}],"predecessor-version":[{"id":2169,"href":"https:\/\/vonguyen.com.vn\/index.php?rest_route=\/wp\/v2\/product\/2167\/revisions\/2169"}],"wp:featuredmedia":[{"embeddable":true,"href":"https:\/\/vonguyen.com.vn\/index.php?rest_route=\/wp\/v2\/media\/2168"}],"wp:attachment":[{"href":"https:\/\/vonguyen.com.vn\/index.php?rest_route=%2Fwp%2Fv2%2Fmedia&parent=2167"}],"wp:term":[{"taxonomy":"product_cat","embeddable":true,"href":"https:\/\/vonguyen.com.vn\/index.php?rest_route=%2Fwp%2Fv2%2Fproduct_cat&post=2167"},{"taxonomy":"product_tag","embeddable":true,"href":"https:\/\/vonguyen.com.vn\/index.php?rest_route=%2Fwp%2Fv2%2Fproduct_tag&post=2167"},{"taxonomy":"product_brands","embeddable":true,"href":"https:\/\/vonguyen.com.vn\/index.php?rest_route=%2Fwp%2Fv2%2Fproduct_brands&post=2167"}],"curies":[{"name":"wp","href":"https:\/\/api.w.org\/{rel}","templated":true}]}}