{"id":2180,"date":"2025-04-14T15:15:58","date_gmt":"2025-04-14T08:15:58","guid":{"rendered":"https:\/\/vonguyen.com.vn\/?post_type=product&#038;p=2180"},"modified":"2026-01-16T14:53:49","modified_gmt":"2026-01-16T07:53:49","slug":"scan-hp-2000s2","status":"publish","type":"product","link":"https:\/\/vonguyen.com.vn\/?product=scan-hp-2000s2","title":{"rendered":"SCAN HP 2000S2"},"content":{"rendered":"<div id=\"input_line_0\"><span id=\"input_part_0\" class=\"\" data-mention=\"SCAN HP 2000S2 M\u1edaI 100%\">SCAN HP 2000S2 M\u1edaI 100%<\/span><\/div>\n<div id=\"input_line_1\"><span id=\"input_part_0\" class=\"\" data-mention=\"\u2013 Lo\u1ea1i m\u00e1y qu\u00e9t : Qu\u00e9t 2 m\u1eb7t t\u1ef1 \u0111\u1ed9ng, n\u1ea1p gi\u1ea5y t\u1ef1 \u0111\u1ed9ng (ADF 50 t\u1edd)\">\u2013 Lo\u1ea1i m\u00e1y qu\u00e9t : Qu\u00e9t 2 m\u1eb7t t\u1ef1 \u0111\u1ed9ng, n\u1ea1p gi\u1ea5y t\u1ef1 \u0111\u1ed9ng (ADF 50 t\u1edd)<\/span><\/div>\n<div id=\"input_line_2\"><span id=\"input_part_0\" class=\"\" data-mention=\"\u2013 Kh\u1ed5 gi\u1ea5y scan t\u1ed1i \u0111a : A4 \u2013 T\u1ed1c \u0111\u1ed9 : 35 trang \/ph\u00fat.\">\u2013 Kh\u1ed5 gi\u1ea5y scan t\u1ed1i \u0111a : A4 \u2013 T\u1ed1c \u0111\u1ed9 : 35 trang \/ph\u00fat.<\/span><\/div>\n<div id=\"input_line_3\"><span id=\"input_part_0\" class=\"\" data-mention=\"\u2013 \u0110\u1ed9 ph\u00e2n gi\u1ea3i : 600dpi.\">\u2013 \u0110\u1ed9 ph\u00e2n gi\u1ea3i : 600dpi.<\/span><\/div>\n<div id=\"input_line_4\"><span id=\"input_part_0\" class=\"\" data-mention=\"\u2013 C\u00f4ng su\u1ea5t qu\u00e9t : 3000 trang\/ng\u00e0y.\">\u2013 C\u00f4ng su\u1ea5t qu\u00e9t : 3500 trang\/ng\u00e0y.<\/span><\/div>\n<div id=\"input_line_5\"><span id=\"input_part_0\" class=\"\" data-mention=\"\u2013 C\u1ed5ng k\u1ebft n\u1ed1i : USB 2.0\">\u2013 C\u1ed5ng k\u1ebft n\u1ed1i : USB 3.0<\/span><\/div>\n<div id=\"input_line_6\"><span id=\"input_part_0\" class=\"\" data-mention=\"\u2013 K\u00edch th\u01b0\u1edbc : 310 x 182 x 183 mm.\">\u2013 K\u00edch th\u01b0\u1edbc : 300 x 172 x 154 mm.<\/span><\/div>\n<div id=\"input_line_7\"><span id=\"input_part_0\" class=\"\" data-mention=\"\u2013 Tr\u1ecdng l\u01b0\u1ee3ng : 3.8 kg\">\u2013 Tr\u1ecdng l\u01b0\u1ee3ng : 2.7 kg<\/span><\/div>\n<div id=\"input_line_8\"><span id=\"input_part_0\" class=\"\" data-mention=\"\u2013  BH : 03 th\u00e1ng\">\u2013 BH : 03 th\u00e1ng (kh\u00f4ng th\u00f9ng)<\/span><\/div>\n<p>&nbsp;<\/p>\n","protected":false},"excerpt":{"rendered":"<p>SCAN HP 2000S2 M\u1edaI 100% \u2013 Lo\u1ea1i m\u00e1y qu\u00e9t : Qu\u00e9t 2 m\u1eb7t t\u1ef1 \u0111\u1ed9ng, n\u1ea1p gi\u1ea5y t\u1ef1 \u0111\u1ed9ng (ADF 50 t\u1edd) \u2013 Kh\u1ed5 gi\u1ea5y scan t\u1ed1i \u0111a : A4 \u2013 T\u1ed1c \u0111\u1ed9 : 35 trang \/ph\u00fat. \u2013 \u0110\u1ed9 ph\u00e2n gi\u1ea3i : 600dpi. \u2013 C\u00f4ng su\u1ea5t qu\u00e9t : 3500 trang\/ng\u00e0y. \u2013 C\u1ed5ng k\u1ebft n\u1ed1i :&#8230;<\/p>\n","protected":false},"featured_media":2181,"template":"","meta":{"_bst_post_transparent":"default","_bst_post_title":"","_bst_post_layout":"default","_bst_post_sidebar_id":"","_bst_post_content_style":"default","_bst_post_vertical_padding":"default","_bst_post_feature":"","_bst_post_feature_position":"","_bst_post_header":false,"_bst_post_footer":false},"product_cat":[124],"product_tag":[],"product_brands":[132],"class_list":{"0":"post-2180","1":"product","2":"type-product","3":"status-publish","4":"has-post-thumbnail","6":"product_cat-may-scan-may-in-new","7":"product_brands-hp","9":"first","10":"instock","11":"shipping-taxable","12":"purchasable","13":"product-type-simple","14":"entry","15":"content-bg","16":"loop-entry"},"_links":{"self":[{"href":"https:\/\/vonguyen.com.vn\/index.php?rest_route=\/wp\/v2\/product\/2180","targetHints":{"allow":["GET"]}}],"collection":[{"href":"https:\/\/vonguyen.com.vn\/index.php?rest_route=\/wp\/v2\/product"}],"about":[{"href":"https:\/\/vonguyen.com.vn\/index.php?rest_route=\/wp\/v2\/types\/product"}],"version-history":[{"count":3,"href":"https:\/\/vonguyen.com.vn\/index.php?rest_route=\/wp\/v2\/product\/2180\/revisions"}],"predecessor-version":[{"id":2300,"href":"https:\/\/vonguyen.com.vn\/index.php?rest_route=\/wp\/v2\/product\/2180\/revisions\/2300"}],"wp:featuredmedia":[{"embeddable":true,"href":"https:\/\/vonguyen.com.vn\/index.php?rest_route=\/wp\/v2\/media\/2181"}],"wp:attachment":[{"href":"https:\/\/vonguyen.com.vn\/index.php?rest_route=%2Fwp%2Fv2%2Fmedia&parent=2180"}],"wp:term":[{"taxonomy":"product_cat","embeddable":true,"href":"https:\/\/vonguyen.com.vn\/index.php?rest_route=%2Fwp%2Fv2%2Fproduct_cat&post=2180"},{"taxonomy":"product_tag","embeddable":true,"href":"https:\/\/vonguyen.com.vn\/index.php?rest_route=%2Fwp%2Fv2%2Fproduct_tag&post=2180"},{"taxonomy":"product_brands","embeddable":true,"href":"https:\/\/vonguyen.com.vn\/index.php?rest_route=%2Fwp%2Fv2%2Fproduct_brands&post=2180"}],"curies":[{"name":"wp","href":"https:\/\/api.w.org\/{rel}","templated":true}]}}