{"id":2212,"date":"2025-06-16T10:57:36","date_gmt":"2025-06-16T03:57:36","guid":{"rendered":"https:\/\/vonguyen.com.vn\/?post_type=product&#038;p=2212"},"modified":"2025-07-01T09:52:21","modified_gmt":"2025-07-01T02:52:21","slug":"canon-2900","status":"publish","type":"product","link":"https:\/\/vonguyen.com.vn\/?product=canon-2900","title":{"rendered":"CANON LBP 2900"},"content":{"rendered":"<p>M\u00e1y Canon LBP 2900 &#8211; 98% si\u00eau b\u1ec1n<br \/>\n&#8211; Ch\u1ee9c n\u0103ng: in tr\u1eafng \u0111en<br \/>\n&#8211; Kh\u1ed5 gi\u1ea5y: A4\/A5<br \/>\n&#8211; T\u1ed1c \u0111\u1ed9 in : 12 trang\/ph\u00fat<br \/>\n&#8211; C\u1ed5ng giao ti\u1ebfp: USB<br \/>\n&#8211; Ngu\u1ed3n : 220v<br \/>\n( m\u00e1y + m\u1ef1c + c\u00e1p usb + d\u00e2y ngu\u1ed3n )<br \/>\nBH : 03 Th\u00e1ng<br \/>\n&#8212;&#8212;&#8212;&#8212;&#8212;&#8212;&#8212;&#8212;&#8212;&#8212;&#8212;&#8212;&#8212;&#8212;&#8212;&#8212;&#8211;<br \/>\nCty V\u00f5 Nguy\u1ec5n<br \/>\n114\/1 T\u00e2n S\u01a1n Nh\u00ec, P.T\u00e2n S\u01a1n Nh\u00ec, Q.T\u00e2n Ph\u00fa, TP.HCM<\/p>\n","protected":false},"excerpt":{"rendered":"<p>M\u00e1y Canon LBP 2900 &#8211; 98% si\u00eau b\u1ec1n &#8211; Ch\u1ee9c n\u0103ng: in tr\u1eafng \u0111en &#8211; Kh\u1ed5 gi\u1ea5y: A4\/A5 &#8211; T\u1ed1c \u0111\u1ed9 in : 12 trang\/ph\u00fat &#8211; C\u1ed5ng giao ti\u1ebfp: USB &#8211; Ngu\u1ed3n : 220v ( m\u00e1y + m\u1ef1c + c\u00e1p usb + d\u00e2y ngu\u1ed3n ) BH : 03 Th\u00e1ng &#8212;&#8212;&#8212;&#8212;&#8212;&#8212;&#8212;&#8212;&#8212;&#8212;&#8212;&#8212;&#8212;&#8212;&#8212;&#8212;&#8211; Cty V\u00f5 Nguy\u1ec5n 114\/1 T\u00e2n&#8230;<\/p>\n","protected":false},"featured_media":2214,"template":"","meta":{"_bst_post_transparent":"default","_bst_post_title":"","_bst_post_layout":"default","_bst_post_sidebar_id":"","_bst_post_content_style":"default","_bst_post_vertical_padding":"default","_bst_post_feature":"","_bst_post_feature_position":"","_bst_post_header":false,"_bst_post_footer":false},"product_cat":[105],"product_tag":[],"product_brands":[133],"class_list":{"0":"post-2212","1":"product","2":"type-product","3":"status-publish","4":"has-post-thumbnail","6":"product_cat-may-in-cu","7":"product_brands-canon","9":"first","10":"instock","11":"featured","12":"shipping-taxable","13":"purchasable","14":"product-type-simple","15":"entry","16":"content-bg","17":"loop-entry"},"_links":{"self":[{"href":"https:\/\/vonguyen.com.vn\/index.php?rest_route=\/wp\/v2\/product\/2212","targetHints":{"allow":["GET"]}}],"collection":[{"href":"https:\/\/vonguyen.com.vn\/index.php?rest_route=\/wp\/v2\/product"}],"about":[{"href":"https:\/\/vonguyen.com.vn\/index.php?rest_route=\/wp\/v2\/types\/product"}],"version-history":[{"count":3,"href":"https:\/\/vonguyen.com.vn\/index.php?rest_route=\/wp\/v2\/product\/2212\/revisions"}],"predecessor-version":[{"id":2232,"href":"https:\/\/vonguyen.com.vn\/index.php?rest_route=\/wp\/v2\/product\/2212\/revisions\/2232"}],"wp:featuredmedia":[{"embeddable":true,"href":"https:\/\/vonguyen.com.vn\/index.php?rest_route=\/wp\/v2\/media\/2214"}],"wp:attachment":[{"href":"https:\/\/vonguyen.com.vn\/index.php?rest_route=%2Fwp%2Fv2%2Fmedia&parent=2212"}],"wp:term":[{"taxonomy":"product_cat","embeddable":true,"href":"https:\/\/vonguyen.com.vn\/index.php?rest_route=%2Fwp%2Fv2%2Fproduct_cat&post=2212"},{"taxonomy":"product_tag","embeddable":true,"href":"https:\/\/vonguyen.com.vn\/index.php?rest_route=%2Fwp%2Fv2%2Fproduct_tag&post=2212"},{"taxonomy":"product_brands","embeddable":true,"href":"https:\/\/vonguyen.com.vn\/index.php?rest_route=%2Fwp%2Fv2%2Fproduct_brands&post=2212"}],"curies":[{"name":"wp","href":"https:\/\/api.w.org\/{rel}","templated":true}]}}