{"id":2340,"date":"2026-03-31T15:54:22","date_gmt":"2026-03-31T08:54:22","guid":{"rendered":"https:\/\/vonguyen.com.vn\/?post_type=product&#038;p=2340"},"modified":"2026-03-31T16:31:28","modified_gmt":"2026-03-31T09:31:28","slug":"elementor-2340","status":"publish","type":"product","link":"https:\/\/vonguyen.com.vn\/?product=elementor-2340","title":{"rendered":"Cho thu\u00ea m\u00e1y Scan"},"content":{"rendered":"<h2 style=\"text-align: center;\"><span style=\"color: #0000ff;\">D\u1ecaCH<b> V\u1ee4 CHO THU\u00ca\u00a0 M\u00c1Y IN \u2013 M\u00c1Y SCAN<\/b><\/span><\/h2>\n<h1 style=\"text-align: center;\"><span style=\"color: #ff0000;\"><em><strong>T\u1ed0I \u01afU \u2013 TI\u1ebeT KI\u1ec6M \u2013 \u0110\u00daNG NHU C\u1ea6U<\/strong><\/em><\/span><\/h1>\n<ul>\n<li><span style=\"color: #000080;\">Trong b\u1ed1i c\u1ea3nh Doanh Nghi\u1ec7p c\u1ea7n t\u1ed1i \u01b0u chi ph\u00ed v\u1eadn h\u00e0nh nh\u01b0ng v\u1eabn \u0111\u1ea3m b\u1ea3o hi\u1ec7u qu\u1ea3 c\u00f4ng vi\u1ec7c, d\u1ecbch v\u1ee5 Cho Thu\u00ea M\u00e1y Scan \u2013 M\u00e1y In c\u1ee7a V\u00f5 Nguy\u1ec5n tr\u1edf th\u00e0nh l\u1ef1a ch\u1ecdn th\u00f4ng minh v\u00e0 kinh t\u1ebf h\u01a1n so v\u1edbi vi\u1ec7c \u0111\u1ea7u t\u01b0 thi\u1ebft b\u1ecb m\u1edbi.<\/span><\/li>\n<li>\n<h1 style=\"text-align: center;\"><span style=\"color: #ff0000;\"><strong>V\u00d5 NGUY\u1ec4N Cung c\u1ea5p M\u00e1y Scan \u2013 M\u00e1y In<\/strong><\/span><\/h1>\n<\/li>\n<li><span style=\"color: #000080;\">Hi\u1ec7n \u0111\u1ea1i \u2013 t\u1ed1c \u0111\u1ed9 cao \u2013 c\u00f4ng su\u1ea5t l\u1edbn \u2013 v\u1eadn h\u00e0nh \u1ed5n \u0111\u1ecbnh, ph\u00f9 h\u1ee3p cho m\u1ecdi nhu c\u1ea7u c\u1ea7n sao ch\u00e9p t\u00e0i li\u1ec7u c\u1ee7a Doanh Nghi\u1ec7p, Tr\u01b0\u1eddng H\u1ecdc, V\u0103n Ph\u00f2ng, Nh\u00e0 M\u00e1y, C\u00f4ng Tr\u00ecnh,\u2026<\/span><\/li>\n<li><span style=\"color: #000080;\">V\u1edbi chi ph\u00ed thu\u00ea th\u1ea5p, h\u1ed7 tr\u1ee3 k\u0129 thu\u1eadt nhanh ch\u00f3ng trong v\u00f2ng 2 gi\u1edd.<\/span><\/li>\n<li><span style=\"color: #000080;\">Ch\u00fang t\u00f4i \u0111\u1ea3m b\u1ea3o lu\u00f4n mang \u0111\u1ebfn tr\u1ea3i nghi\u1ec7m t\u1ed1t nh\u1ea5t cho kh\u00e1ch h\u00e0ng<\/span><\/li>\n<li>\n<h1 style=\"text-align: center;\"><span style=\"color: #0000ff;\"><strong>Quy tr\u00ecnh l\u00e0m vi\u1ec7c b\u00ean V\u00f5 Nguy\u1ec5n Computer<\/strong><\/span><\/h1>\n<\/li>\n<li>\n<h1><span style=\"color: #0000ff;\"><strong>1. Giao m\u00e1y v\u00e0 l\u1eafp \u0111\u1eb7t mi\u1ec5n ph\u00ed<\/strong><\/span><\/h1>\n<\/li>\n<li><span style=\"color: #000080;\">\u0110\u1ed9i ng\u0169 k\u1ef9 thu\u1eadt gi\u00e0u kinh nghi\u1ec7m , giao h\u00e0ng v\u00e0 l\u1eafp \u0111\u1eb7t ho\u00e0n to\u00e0n mi\u1ec5n ph\u00ed,<\/span><\/li>\n<li><span style=\"color: #000080;\">Sau \u0111\u00f3, b\u1ea1n s\u1ebd \u0111\u01b0\u1ee3c h\u01b0\u1edbng d\u1eabn s\u1eed d\u1ee5ng m\u00e1y m\u1ed9t c\u00e1ch k\u1ef9 c\u00e0ng \u0111\u1ec3 c\u00f4ng vi\u1ec7c \u0111\u1ea1t hi\u1ec7u qu\u1ea3 cao nh\u1ea5t.<\/span><\/li>\n<li><span style=\"color: #0000ff;\"><strong style=\"font-family: Inter; font-size: 24px; letter-spacing: 0.09px;\">2. H\u1ed7 tr\u1ee3 k\u1ef9 thu\u1eadt 24\/7<\/strong><\/span><\/li>\n<li><span style=\"color: #000080;\">\u0110\u1ed9i ng\u0169 k\u1ef9 thu\u1eadt chuy\u00ean nghi\u1ec7p lu\u00f4n s\u1eb5n s\u00e0ng h\u1ed7 tr\u1ee3 b\u1ea1n 24\/7. Ch\u00fang t\u00f4i cam k\u1ebft x\u1eed l\u00fd c\u00e1c v\u1ea5n \u0111\u1ec1 k\u1ef9 thu\u1eadt trong v\u00f2ng\u00a0<strong style=\"letter-spacing: 0.09px;\">2 gi\u1edd<\/strong> \u0111\u1ec3 kh\u00f4ng l\u00e0m gi\u00e1n \u0111o\u1ea1n c\u00f4ng vi\u1ec7c c\u1ee7a b\u1ea1n.<\/span><\/li>\n<li><span style=\"color: #0000ff;\"><strong style=\"font-family: Inter; font-size: 24px; letter-spacing: 0.09px;\">3. \u0110\u1ed5i m\u00e1y ngay khi c\u1ea7n thi\u1ebft<\/strong><\/span><\/li>\n<li><span style=\"color: #000080;\">N\u1ebfu thi\u1ebft b\u1ecb g\u1eb7p s\u1ef1 c\u1ed1 li\u00ean t\u1ee5c v\u00e0 kh\u00f4ng th\u1ec3 kh\u1eafc ph\u1ee5c nhanh ch\u00f3ng, ch\u00fang t\u00f4i s\u1ebd \u0111\u1ed5i ngay m\u00e1y m\u1edbi \u0111\u1ec3 \u0111\u1ea3m b\u1ea3o c\u00f4ng vi\u1ec7c c\u1ee7a b\u1ea1n lu\u00f4n \u0111\u01b0\u1ee3c v\u1eadn h\u00e0nh su\u00f4n s\u1ebb.<\/span><\/li>\n<li>\n<p style=\"text-align: center;\"><span style=\"color: #0000ff;\"><strong style=\"font-family: Inter; font-size: 26px; letter-spacing: 0.09px;\">L\u1ee3i \u00edch khi thu\u00ea m\u00e1y t\u1ea1i V\u00d5 NGUY\u1ec4N Computer<\/strong><\/span><\/p>\n<\/li>\n<li><span style=\"color: #0000ff;\"><strong style=\"font-family: Inter; font-size: 24px; letter-spacing: 0.09px;\">1. Ti\u1ebft ki\u1ec7m chi ph\u00ed \u0111\u1ea7u t\u01b0 ban \u0111\u1ea7u<\/strong><\/span><\/li>\n<li><span style=\"color: #000080;\">Thay v\u00ec b\u1ecf ra m\u1ed9t kho\u1ea3n ti\u1ec1n l\u1edbn \u0111\u1ec3 s\u1edf h\u1eefu m\u00e1y m\u1edbi, b\u1ea1n ch\u1ec9 c\u1ea7n thanh to\u00e1n chi ph\u00ed thu\u00ea m\u00e1y h\u00e0ng th\u00e1ng, ho\u1eb7c linh ho\u1ea1t h\u01a1n l\u00e0 nh\u1eefng g\u00f3i thu\u00ea m\u00e1y ng\u1eafn h\u1ea1n, theo ng\u00e0y, theo gi\u1edd. Nh\u1edd v\u1eady, b\u1ea1n v\u1eeba ti\u1ebft ki\u1ec7m ng\u00e2n s\u00e1ch v\u1eeba c\u00f3 c\u01a1 h\u1ed9i s\u1eed d\u1ee5ng c\u00e1c d\u00f2ng m\u00e1y cao c\u1ea5p, hi\u1ec7n \u0111\u1ea1i, ph\u00f9 h\u1ee3p v\u1edbi nhu c\u1ea7u c\u00f4ng vi\u1ec7c.<\/span><\/li>\n<li><span style=\"color: #0000ff;\"><strong style=\"font-family: Inter; font-size: 24px; letter-spacing: 0.09px;\">2. Mi\u1ec5n ph\u00ed chi ph\u00ed thay m\u1ef1c v\u00e0 s\u1eeda ch\u1eefa<\/strong><\/span><\/li>\n<li><span style=\"color: #000080;\">Khi thu\u00ea m\u00e1y, b\u1ea1n kh\u00f4ng c\u1ea7n lo l\u1eafng v\u1ec1 c\u00e1c kho\u1ea3n chi ph\u00ed ph\u00e1t sinh nh\u01b0 m\u1ef1c in, thay th\u1ebf v\u1eadt t\u01b0 ho\u1eb7c s\u1eeda ch\u1eefa. Ch\u00fang t\u00f4i \u0111\u1ea3m b\u1ea3o:<\/span><\/li>\n<li><span style=\"color: #000080;\"><strong style=\"letter-spacing: 0.09px;\">B\u1ea3o tr\u00ec \u0111\u1ecbnh k\u1ef3<\/strong>\u00a0\u0111\u1ec3 m\u00e1y lu\u00f4n ho\u1ea1t \u0111\u1ed9ng \u1ed5n \u0111\u1ecbnh.<\/span><\/li>\n<li><span style=\"color: #000080;\"><strong style=\"letter-spacing: 0.09px;\">Kh\u1eafc ph\u1ee5c s\u1ef1 c\u1ed1 k\u1ef9 thu\u1eadt nhanh ch\u00f3ng<\/strong> m\u00e0 kh\u00f4ng t\u1ed1n th\u00eam chi ph\u00ed.<\/span><\/li>\n<li><span style=\"color: #0000ff;\"><strong style=\"font-family: Inter; font-size: 24px; letter-spacing: 0.09px;\">3. Linh ho\u1ea1t thay \u0111\u1ed5i thi\u1ebft b\u1ecb<\/strong><\/span><\/li>\n<li><span style=\"color: #000080;\">Nhu c\u1ea7u in \u1ea5n v\u00e0 copy gi\u1ea5y t\u1edd c\u1ee7a doanh nghi\u1ec7p c\u00f3 th\u1ec3 thay \u0111\u1ed5i theo th\u1eddi gian. V\u1edbi d\u1ecbch v\u1ee5 c\u1ee7a ch\u00fang t\u00f4i, b\u1ea1n ho\u00e0n to\u00e0n c\u00f3 th\u1ec3 n\u00e2ng c\u1ea5p ho\u1eb7c \u0111\u1ed5i sang m\u00e1y kh\u00e1c ph\u00f9 h\u1ee3p h\u01a1n v\u1edbi y\u00eau c\u1ea7u c\u00f4ng vi\u1ec7c.<\/span><\/li>\n<li><span style=\"color: #0000ff;\"><strong style=\"font-family: Inter; font-size: 24px; letter-spacing: 0.09px;\">4. Th\u1ee7 t\u1ee5c \u0111\u01a1n gi\u1ea3n, nhanh g\u1ecdn<\/strong><\/span><\/li>\n<\/ul>\n<p><img fetchpriority=\"high\" decoding=\"async\" src=\"https:\/\/vonguyen.com.vn\/wp-content\/uploads\/2026\/03\/lien-he.jpg\" sizes=\"(max-width: 750px) 100vw, 750px\" srcset=\"https:\/\/vonguyen.com.vn\/wp-content\/uploads\/2026\/03\/lien-he.jpg 750w, https:\/\/vonguyen.com.vn\/wp-content\/uploads\/2026\/03\/lien-he-300x80.jpg 300w, https:\/\/vonguyen.com.vn\/wp-content\/uploads\/2026\/03\/lien-he-600x160.jpg 600w\" alt=\"\" width=\"750\" height=\"200\" \/><\/p>\n<ul>\n<li><span style=\"color: #003366;\">Ch\u1ec9 v\u1edbi 4 b\u01b0\u1edbc c\u01a1 b\u1ea3n, b\u1ea1n \u0111\u00e3 c\u00f3 th\u1ec3 s\u1edf h\u1eefu ngay nh\u1eefng thi\u1ebft b\u1ecb ch\u1ea5t l\u01b0\u1ee3ng ph\u00f9 h\u1ee3p v\u1edbi nhu c\u1ea7u s\u1eed d\u1ee5ng c\u1ee7a c\u00f4ng ty m\u00ecnh:<\/span><\/li>\n<li><span style=\"color: #003366;\">Qu\u00fd kh\u00e1ch\u00a0<strong>li\u00ean h\u1ec7 qua Hotline\/Zalo: 0918.319.582 <\/strong>\u0111\u1ec3 \u0111\u01b0\u1ee3c t\u01b0 v\u1ea5n, h\u1ed7 tr\u1ee3.<\/span><\/li>\n<li><span style=\"color: #003366;\">Qu\u00fd kh\u00e1ch s\u1ebd \u0111\u01b0\u1ee3c t\u01b0 v\u1ea5n v\u1ec1 d\u00f2ng m\u00e1y v\u00e0 g\u00f3i d\u1ecbch v\u1ee5 ph\u00f9 h\u1ee3p v\u1edbi nhu c\u1ea7u s\u1eed d\u1ee5ng.<\/span><\/li>\n<li>\n<h1><span style=\"color: #0000ff;\"><strong style=\"letter-spacing: 0.09px;\">D\u1ecbch v\u1ee5 to\u00e0n di\u1ec7n, ph\u00f9 h\u1ee3p m\u1ecdi nhu c\u1ea7u<\/strong><\/span><\/h1>\n<\/li>\n<li><span style=\"color: #003366;\">D\u1ecbch v\u1ee5 cho thu\u00ea m\u00e1y c\u1ee7a ch\u00fang t\u00f4i kh\u00f4ng ch\u1ec9 d\u00e0nh cho c\u00e1c doanh nghi\u1ec7p l\u1edbn m\u00e0 c\u00f2n ph\u00f9 h\u1ee3p v\u1edbi:<\/span><\/li>\n<li><span style=\"color: #003366;\">V\u0103n ph\u00f2ng nh\u1ecf l\u1ebb.<\/span><\/li>\n<li><span style=\"color: #003366;\">C\u00e1c s\u1ef1 ki\u1ec7n, h\u1ed9i th\u1ea3o c\u1ea7n s\u1eed d\u1ee5ng m\u00e1y trong th\u1eddi gian ng\u1eafn.<\/span><\/li>\n<li><span style=\"color: #003366;\">Doanh nghi\u1ec7p t\u1ea1m th\u1eddi t\u0103ng c\u01b0\u1eddng in \u1ea5n \/ photo trong giai \u0111o\u1ea1n cao \u0111i\u1ec3m.<\/span><\/li>\n<li><span style=\"color: #003366;\">V\u1edbi nhi\u1ec1u g\u00f3i thu\u00ea theo th\u00e1ng, theo ng\u00e0y, theo gi\u1edd ho\u1eb7c theo ti\u1ebfn \u0111\u1ed9, qu\u00fd c\u00f4ng ty s\u1ebd d\u1ec5 d\u00e0ng l\u1ef1a ch\u1ecdn ph\u01b0\u01a1ng \u00e1n thu\u00ea thi\u1ebft b\u1ecb \u0111\u00e1p \u1ee9ng nhu c\u1ea7u c\u00f4ng vi\u1ec7c v\u00e0 ti\u1ebft ki\u1ec7m chi ph\u00ed.<\/span><\/li>\n<li>\n<h1><span style=\"color: #0000ff;\"><strong style=\"letter-spacing: 0.09px;\">Cam k\u1ebft<\/strong><\/span><\/h1>\n<\/li>\n<li><span style=\"color: #003366;\">kh\u00f4ng ch\u1ec9 mang \u0111\u1ebfn thi\u1ebft b\u1ecb hi\u1ec7n \u0111\u1ea1i m\u00e0 c\u00f2n \u0111\u1ea3m b\u1ea3o s\u1ef1 an t\u00e2m tuy\u1ec7t \u0111\u1ed1i trong su\u1ed1t th\u1eddi gian s\u1eed d\u1ee5ng d\u1ecbch v\u1ee5. T\u1eeb ch\u1ea5t l\u01b0\u1ee3ng m\u00e1y m\u00f3c, ch\u00ednh s\u00e1ch ch\u0103m s\u00f3c kh\u00e1ch h\u00e0ng, \u0111\u1ebfn d\u1ecbch v\u1ee5 h\u1ed7 tr\u1ee3 k\u1ef9 thu\u1eadt, t\u1ea5t c\u1ea3 \u0111\u1ec1u h\u01b0\u1edbng t\u1edbi m\u1ee5c ti\u00eau duy nh\u1ea5t:\u00a0<strong style=\"letter-spacing: 0.09px;\">S\u1ef1 h\u00e0i l\u00f2ng c\u1ee7a qu\u00fd kh\u00e1ch<\/strong>.<\/span><\/li>\n<li><span style=\"color: #003366;\"><strong style=\"letter-spacing: 0.09px;\">Li\u00ean h\u1ec7 ngay h\u00f4m nay!<\/strong><\/span><\/li>\n<li><span style=\"color: #003366;\">\u0110\u1eebng \u0111\u1ec3 vi\u1ec7c in \u1ea5n, sao ch\u00e9p v\u0103n b\u1ea3n tr\u1edf th\u00e0nh g\u00e1nh n\u1eb7ng chi ph\u00ed. H\u00e3y ch\u1ecdn d\u1ecbch v\u1ee5 c\u1ee7a ch\u00fang t\u00f4i \u0111\u1ec3 t\u1ed1i \u01b0u hi\u1ec7u qu\u1ea3 v\u00e0 ti\u1ebft ki\u1ec7m ng\u00e2n s\u00e1ch!<\/span><\/li>\n<\/ul>\n<h1 style=\"text-align: center;\"><span style=\"color: #0000ff;\"><strong><em>M\u1ecdi chi ti\u1ebft xin li\u00ean h\u1ec7<\/em><\/strong><\/span><\/h1>\n<h1 style=\"text-align: center;\"><strong><em><a style=\"color: #ff0000;\" href=\"https:\/\/zalo.me\/0886286476\">0918.319.582 &#8211; Mr.B\u1eb1ng<\/a><\/em><\/strong><\/h1>\n","protected":false},"excerpt":{"rendered":"<p><img decoding=\"async\" class=\"alignnone size-medium wp-image-2350\" src=\"https:\/\/vonguyen.com.vn\/wp-content\/uploads\/2026\/03\/cho-thue-300x122.jpg\" alt=\"\" width=\"300\" height=\"122\" srcset=\"https:\/\/vonguyen.com.vn\/wp-content\/uploads\/2026\/03\/cho-thue-300x122.jpg 300w, https:\/\/vonguyen.com.vn\/wp-content\/uploads\/2026\/03\/cho-thue-768x313.jpg 768w, https:\/\/vonguyen.com.vn\/wp-content\/uploads\/2026\/03\/cho-thue-600x244.jpg 600w, https:\/\/vonguyen.com.vn\/wp-content\/uploads\/2026\/03\/cho-thue.jpg 911w\" sizes=\"(max-width: 300px) 100vw, 300px\" \/><\/p>\n","protected":false},"featured_media":2353,"template":"","meta":{"_bst_post_transparent":"default","_bst_post_title":"","_bst_post_layout":"default","_bst_post_sidebar_id":"","_bst_post_content_style":"default","_bst_post_vertical_padding":"default","_bst_post_feature":"","_bst_post_feature_position":"","_bst_post_header":false,"_bst_post_footer":false},"product_cat":[107],"product_tag":[],"product_brands":[],"class_list":{"0":"post-2340","1":"product","2":"type-product","3":"status-publish","4":"has-post-thumbnail","6":"product_cat-dich-vu","8":"first","9":"instock","10":"shipping-taxable","11":"product-type-simple","12":"entry","13":"content-bg","14":"loop-entry"},"_links":{"self":[{"href":"https:\/\/vonguyen.com.vn\/index.php?rest_route=\/wp\/v2\/product\/2340","targetHints":{"allow":["GET"]}}],"collection":[{"href":"https:\/\/vonguyen.com.vn\/index.php?rest_route=\/wp\/v2\/product"}],"about":[{"href":"https:\/\/vonguyen.com.vn\/index.php?rest_route=\/wp\/v2\/types\/product"}],"version-history":[{"count":12,"href":"https:\/\/vonguyen.com.vn\/index.php?rest_route=\/wp\/v2\/product\/2340\/revisions"}],"predecessor-version":[{"id":2361,"href":"https:\/\/vonguyen.com.vn\/index.php?rest_route=\/wp\/v2\/product\/2340\/revisions\/2361"}],"wp:featuredmedia":[{"embeddable":true,"href":"https:\/\/vonguyen.com.vn\/index.php?rest_route=\/wp\/v2\/media\/2353"}],"wp:attachment":[{"href":"https:\/\/vonguyen.com.vn\/index.php?rest_route=%2Fwp%2Fv2%2Fmedia&parent=2340"}],"wp:term":[{"taxonomy":"product_cat","embeddable":true,"href":"https:\/\/vonguyen.com.vn\/index.php?rest_route=%2Fwp%2Fv2%2Fproduct_cat&post=2340"},{"taxonomy":"product_tag","embeddable":true,"href":"https:\/\/vonguyen.com.vn\/index.php?rest_route=%2Fwp%2Fv2%2Fproduct_tag&post=2340"},{"taxonomy":"product_brands","embeddable":true,"href":"https:\/\/vonguyen.com.vn\/index.php?rest_route=%2Fwp%2Fv2%2Fproduct_brands&post=2340"}],"curies":[{"name":"wp","href":"https:\/\/api.w.org\/{rel}","templated":true}]}}